{"id":18132,"date":"2015-01-19T15:16:37","date_gmt":"2015-01-19T15:16:37","guid":{"rendered":"https:\/\/www.grandesetapes.com\/home\/"},"modified":"2025-01-09T10:19:16","modified_gmt":"2025-01-09T09:19:16","slug":"home","status":"publish","type":"page","link":"https:\/\/www.grandesetapes.com\/ru\/","title":{"rendered":"Accueil"},"content":{"rendered":"<div class=\"fusion-fullwidth fullwidth-box fusion-builder-row-1 nonhundred-percent-fullwidth non-hundred-percent-height-scrolling gradient-container-1\" style=\"--awb-background-position:left top;--awb-border-sizes-top:0px;--awb-border-sizes-bottom:0px;--awb-border-sizes-left:0px;--awb-border-sizes-right:0px;--awb-border-color:#f7f7f7;--awb-border-radius-top-left:0px;--awb-border-radius-top-right:0px;--awb-border-radius-bottom-right:0px;--awb-border-radius-bottom-left:0px;--awb-flex-wrap:wrap;\" ><div class=\"fusion-builder-row fusion-row\"><div class=\"fusion-layout-column fusion_builder_column fusion-builder-column-0 fusion_builder_column_1_2 1_2 fusion-one-half fusion-column-first fusion-column-no-min-height\" style=\"--awb-bg-color:#ffffff;--awb-bg-color-hover:#ffffff;--awb-bg-size:cover;--awb-border-color:#ffffff;--awb-border-top:0;--awb-border-right:0;--awb-border-bottom:0;--awb-border-left:0;--awb-border-style:solid;width:48%; margin-right: 4%;\"><div class=\"fusion-column-wrapper fusion-flex-column-wrapper-legacy\"><div class=\"fusion-image-element in-legacy-container\" style=\"--awb-caption-title-font-family:var(--h2_typography-font-family);--awb-caption-title-font-weight:var(--h2_typography-font-weight);--awb-caption-title-font-style:var(--h2_typography-font-style);--awb-caption-title-size:var(--h2_typography-font-size);--awb-caption-title-transform:var(--h2_typography-text-transform);--awb-caption-title-line-height:var(--h2_typography-line-height);--awb-caption-title-letter-spacing:var(--h2_typography-letter-spacing);\"><span class=\" fusion-imageframe imageframe-none imageframe-1 hover-type-none\"><img decoding=\"async\" width=\"800\" height=\"434\" alt=\"Ch\u00e2teau d\u2019Isenbourg &amp; Spa \u00e0 Rouffach\" title=\"isenbourg 55 md\" src=\"https:\/\/www.grandesetapes.com\/wp-content\/uploads\/2000x\/Isenbourg\/isenbourg-55-md-1-800x434.jpg\" class=\"img-responsive wp-image-16831\" srcset=\"https:\/\/www.grandesetapes.com\/wp-content\/uploads\/2000x\/Isenbourg\/isenbourg-55-md-1-200x109.jpg 200w, https:\/\/www.grandesetapes.com\/wp-content\/uploads\/2000x\/Isenbourg\/isenbourg-55-md-1-400x217.jpg 400w, https:\/\/www.grandesetapes.com\/wp-content\/uploads\/2000x\/Isenbourg\/isenbourg-55-md-1-600x326.jpg 600w, https:\/\/www.grandesetapes.com\/wp-content\/uploads\/2000x\/Isenbourg\/isenbourg-55-md-1-800x434.jpg 800w, https:\/\/www.grandesetapes.com\/wp-content\/uploads\/2000x\/Isenbourg\/isenbourg-55-md-1-1200x651.jpg 1200w\" sizes=\"(max-width: 800px) 100vw, 600px\" \/><\/span><\/div><div class=\"fusion-button-wrapper\"><a class=\"fusion-button button-flat fusion-button-default-size button-default fusion-button-default button-1 fusion-button-default-span fusion-button-default-type\" target=\"_self\" href=\"https:\/\/www.grandesetapes.com\/chateau-hotel-isenbourg-alsace\/ru\/\"><span class=\"fusion-button-text awb-button__text awb-button__text--default\">Chateau d&#8217;Isenbourg<\/span><\/a><\/div><div class=\"fusion-clearfix\"><\/div><\/div><\/div><div class=\"fusion-layout-column fusion_builder_column fusion-builder-column-1 fusion_builder_column_1_2 1_2 fusion-one-half fusion-column-last fusion-column-no-min-height\" style=\"--awb-bg-color:#ffffff;--awb-bg-color-hover:#ffffff;--awb-bg-size:cover;--awb-border-color:#ffffff;--awb-border-top:0;--awb-border-right:0;--awb-border-bottom:0;--awb-border-left:0;--awb-border-style:solid;width:48%;\"><div class=\"fusion-column-wrapper fusion-flex-column-wrapper-legacy\"><div class=\"fusion-image-element in-legacy-container\" style=\"--awb-caption-title-font-family:var(--h2_typography-font-family);--awb-caption-title-font-weight:var(--h2_typography-font-weight);--awb-caption-title-font-style:var(--h2_typography-font-style);--awb-caption-title-size:var(--h2_typography-font-size);--awb-caption-title-transform:var(--h2_typography-text-transform);--awb-caption-title-line-height:var(--h2_typography-line-height);--awb-caption-title-letter-spacing:var(--h2_typography-letter-spacing);\"><span class=\" fusion-imageframe imageframe-none imageframe-2 hover-type-none\"><img decoding=\"async\" width=\"800\" height=\"432\" alt=\"hotel Burgundy wine road\" title=\"chateau-gilly-exterieur_1019_2-1536&#215;829.jpg\" src=\"https:\/\/www.grandesetapes.com\/wp-content\/uploads\/revslider\/GEF\/chateau-gilly-exterieur_1019_2-1536x829-800x432.jpg\" class=\"img-responsive wp-image-39225\" srcset=\"https:\/\/www.grandesetapes.com\/wp-content\/uploads\/revslider\/GEF\/chateau-gilly-exterieur_1019_2-1536x829-800x432.jpg 800w, https:\/\/www.grandesetapes.com\/wp-content\/uploads\/revslider\/GEF\/chateau-gilly-exterieur_1019_2-1536x829.jpg 1536w\" sizes=\"(max-width: 800px) 100vw, 800px\" \/><\/span><\/div><div class=\"fusion-button-wrapper\"><a class=\"fusion-button button-flat fusion-button-default-size button-default fusion-button-default button-2 fusion-button-default-span fusion-button-default-type\" target=\"_self\" href=\"https:\/\/www.grandesetapes.com\/chateau-hotel-gilly-bourgogne\/ru\/\"><span class=\"fusion-button-text awb-button__text awb-button__text--default\">Chateau de Gilly<\/span><\/a><\/div><div class=\"fusion-clearfix\"><\/div><\/div><\/div><\/div><\/div>\n","protected":false},"excerpt":{"rendered":"","protected":false},"author":1,"featured_media":0,"parent":0,"menu_order":0,"comment_status":"open","ping_status":"open","template":"100-width.php","meta":{"footnotes":""},"class_list":["post-18132","page","type-page","status-publish","hentry"],"yoast_head":"<!-- This site is optimized with the Yoast SEO Premium plugin v22.1 (Yoast SEO v27.4) - https:\/\/yoast.com\/product\/yoast-seo-premium-wordpress\/ -->\n<title>Chateaux-hotels de charme 4 et 5 \u00e9toiles en France<\/title>\n<meta name=\"description\" content=\"SITE OFFICIEL chateaux hotels de charme en France : chateaux hotels 4 et 5 \u00e9toiles Alsace, Bourgogne, Val de Loire. R\u00e9servez en direct\" \/>\n<meta name=\"robots\" content=\"index, follow, max-snippet:-1, max-image-preview:large, max-video-preview:-1\" \/>\n<link rel=\"canonical\" href=\"https:\/\/www.grandesetapes.com\/ru\/\" \/>\n<meta property=\"og:locale\" content=\"ru_RU\" \/>\n<meta property=\"og:type\" content=\"article\" \/>\n<meta property=\"og:title\" content=\"Accueil\" \/>\n<meta property=\"og:description\" content=\"SITE OFFICIEL chateaux hotels de charme en France : chateaux hotels 4 et 5 \u00e9toiles Alsace, Bourgogne, Val de Loire. R\u00e9servez en direct\" \/>\n<meta property=\"og:url\" content=\"https:\/\/www.grandesetapes.com\/ru\/\" \/>\n<meta property=\"og:site_name\" content=\"Chateaux h\u00f4tels Grandes \u00c9tapes Fran\u00e7aises\" \/>\n<meta property=\"article:publisher\" content=\"https:\/\/www.facebook.com\/chateauxhotels\/\" \/>\n<meta property=\"article:modified_time\" content=\"2025-01-09T09:19:16+00:00\" \/>\n<meta property=\"og:image\" content=\"https:\/\/www.grandesetapes.com\/wp-content\/uploads\/2000x\/Artigny\/artigny-202-md_1.jpg\" \/>\n\t<meta property=\"og:image:width\" content=\"1996\" \/>\n\t<meta property=\"og:image:height\" content=\"1083\" \/>\n\t<meta property=\"og:image:type\" content=\"image\/jpeg\" \/>\n<meta name=\"twitter:card\" content=\"summary_large_image\" \/>\n<meta name=\"twitter:label1\" content=\"\u041f\u0440\u0438\u043c\u0435\u0440\u043d\u043e\u0435 \u0432\u0440\u0435\u043c\u044f \u0434\u043b\u044f \u0447\u0442\u0435\u043d\u0438\u044f\" \/>\n\t<meta name=\"twitter:data1\" content=\"3 \u043c\u0438\u043d\u0443\u0442\u044b\" \/>\n<script type=\"application\/ld+json\" class=\"yoast-schema-graph\">{\"@context\":\"https:\\\/\\\/schema.org\",\"@graph\":[{\"@type\":\"WebPage\",\"@id\":\"https:\\\/\\\/www.grandesetapes.com\\\/ru\\\/\",\"url\":\"https:\\\/\\\/www.grandesetapes.com\\\/ru\\\/\",\"name\":\"Chateaux-hotels de charme 4 et 5 \u00e9toiles en France\",\"isPartOf\":{\"@id\":\"https:\\\/\\\/www.grandesetapes.com\\\/ru\\\/#website\"},\"datePublished\":\"2015-01-19T15:16:37+00:00\",\"dateModified\":\"2025-01-09T09:19:16+00:00\",\"description\":\"SITE OFFICIEL chateaux hotels de charme en France : chateaux hotels 4 et 5 \u00e9toiles Alsace, Bourgogne, Val de Loire. R\u00e9servez en direct\",\"breadcrumb\":{\"@id\":\"https:\\\/\\\/www.grandesetapes.com\\\/ru\\\/#breadcrumb\"},\"inLanguage\":\"ru-RU\",\"potentialAction\":[{\"@type\":\"ReadAction\",\"target\":[\"https:\\\/\\\/www.grandesetapes.com\\\/ru\\\/\"]}]},{\"@type\":\"BreadcrumbList\",\"@id\":\"https:\\\/\\\/www.grandesetapes.com\\\/ru\\\/#breadcrumb\",\"itemListElement\":[{\"@type\":\"ListItem\",\"position\":1,\"name\":\"Accueil\",\"item\":\"https:\\\/\\\/www.grandesetapes.com\\\/ru\\\/\"},{\"@type\":\"ListItem\",\"position\":2,\"name\":\"Accueil\"}]},{\"@type\":\"WebSite\",\"@id\":\"https:\\\/\\\/www.grandesetapes.com\\\/ru\\\/#website\",\"url\":\"https:\\\/\\\/www.grandesetapes.com\\\/ru\\\/\",\"name\":\"Chateaux h\u00f4tels Grandes \u00c9tapes Fran\u00e7aises\",\"description\":\"\",\"publisher\":{\"@id\":\"https:\\\/\\\/www.grandesetapes.com\\\/ru\\\/#organization\"},\"potentialAction\":[{\"@type\":\"SearchAction\",\"target\":{\"@type\":\"EntryPoint\",\"urlTemplate\":\"https:\\\/\\\/www.grandesetapes.com\\\/ru\\\/?s={search_term_string}\"},\"query-input\":{\"@type\":\"PropertyValueSpecification\",\"valueRequired\":true,\"valueName\":\"search_term_string\"}}],\"inLanguage\":\"ru-RU\"},{\"@type\":\"Organization\",\"@id\":\"https:\\\/\\\/www.grandesetapes.com\\\/ru\\\/#organization\",\"name\":\"Grandes Etapes Fran\u00e7aises\",\"url\":\"https:\\\/\\\/www.grandesetapes.com\\\/ru\\\/\",\"logo\":{\"@type\":\"ImageObject\",\"inLanguage\":\"ru-RU\",\"@id\":\"https:\\\/\\\/www.grandesetapes.com\\\/ru\\\/#\\\/schema\\\/logo\\\/image\\\/\",\"url\":\"https:\\\/\\\/www.grandesetapes.com\\\/wp-content\\\/uploads\\\/Logos\\\/LOGO_GEF_2017_300.png\",\"contentUrl\":\"https:\\\/\\\/www.grandesetapes.com\\\/wp-content\\\/uploads\\\/Logos\\\/LOGO_GEF_2017_300.png\",\"width\":300,\"height\":150,\"caption\":\"Grandes Etapes Fran\u00e7aises\"},\"image\":{\"@id\":\"https:\\\/\\\/www.grandesetapes.com\\\/ru\\\/#\\\/schema\\\/logo\\\/image\\\/\"},\"sameAs\":[\"https:\\\/\\\/www.facebook.com\\\/chateauxhotels\\\/\",\"https:\\\/\\\/www.instagram.com\\\/grandesetapesfrancaises\\\/\",\"https:\\\/\\\/www.linkedin.com\\\/company\\\/grandes-etapes-fran\u00e7aises\\\/\",\"https:\\\/\\\/www.youtube.com\\\/channel\\\/UCTN5vEXibunCwDsWR30tiGg\"]}]}<\/script>\n<!-- \/ Yoast SEO Premium plugin. -->","yoast_head_json":{"title":"Chateaux-hotels de charme 4 et 5 \u00e9toiles en France","description":"SITE OFFICIEL chateaux hotels de charme en France : chateaux hotels 4 et 5 \u00e9toiles Alsace, Bourgogne, Val de Loire. R\u00e9servez en direct","robots":{"index":"index","follow":"follow","max-snippet":"max-snippet:-1","max-image-preview":"max-image-preview:large","max-video-preview":"max-video-preview:-1"},"canonical":"https:\/\/www.grandesetapes.com\/ru\/","og_locale":"ru_RU","og_type":"article","og_title":"Accueil","og_description":"SITE OFFICIEL chateaux hotels de charme en France : chateaux hotels 4 et 5 \u00e9toiles Alsace, Bourgogne, Val de Loire. R\u00e9servez en direct","og_url":"https:\/\/www.grandesetapes.com\/ru\/","og_site_name":"Chateaux h\u00f4tels Grandes \u00c9tapes Fran\u00e7aises","article_publisher":"https:\/\/www.facebook.com\/chateauxhotels\/","article_modified_time":"2025-01-09T09:19:16+00:00","og_image":[{"width":1996,"height":1083,"url":"https:\/\/www.grandesetapes.com\/wp-content\/uploads\/2000x\/Artigny\/artigny-202-md_1.jpg","type":"image\/jpeg"}],"twitter_card":"summary_large_image","twitter_misc":{"\u041f\u0440\u0438\u043c\u0435\u0440\u043d\u043e\u0435 \u0432\u0440\u0435\u043c\u044f \u0434\u043b\u044f \u0447\u0442\u0435\u043d\u0438\u044f":"3 \u043c\u0438\u043d\u0443\u0442\u044b"},"schema":{"@context":"https:\/\/schema.org","@graph":[{"@type":"WebPage","@id":"https:\/\/www.grandesetapes.com\/ru\/","url":"https:\/\/www.grandesetapes.com\/ru\/","name":"Chateaux-hotels de charme 4 et 5 \u00e9toiles en France","isPartOf":{"@id":"https:\/\/www.grandesetapes.com\/ru\/#website"},"datePublished":"2015-01-19T15:16:37+00:00","dateModified":"2025-01-09T09:19:16+00:00","description":"SITE OFFICIEL chateaux hotels de charme en France : chateaux hotels 4 et 5 \u00e9toiles Alsace, Bourgogne, Val de Loire. R\u00e9servez en direct","breadcrumb":{"@id":"https:\/\/www.grandesetapes.com\/ru\/#breadcrumb"},"inLanguage":"ru-RU","potentialAction":[{"@type":"ReadAction","target":["https:\/\/www.grandesetapes.com\/ru\/"]}]},{"@type":"BreadcrumbList","@id":"https:\/\/www.grandesetapes.com\/ru\/#breadcrumb","itemListElement":[{"@type":"ListItem","position":1,"name":"Accueil","item":"https:\/\/www.grandesetapes.com\/ru\/"},{"@type":"ListItem","position":2,"name":"Accueil"}]},{"@type":"WebSite","@id":"https:\/\/www.grandesetapes.com\/ru\/#website","url":"https:\/\/www.grandesetapes.com\/ru\/","name":"Chateaux h\u00f4tels Grandes \u00c9tapes Fran\u00e7aises","description":"","publisher":{"@id":"https:\/\/www.grandesetapes.com\/ru\/#organization"},"potentialAction":[{"@type":"SearchAction","target":{"@type":"EntryPoint","urlTemplate":"https:\/\/www.grandesetapes.com\/ru\/?s={search_term_string}"},"query-input":{"@type":"PropertyValueSpecification","valueRequired":true,"valueName":"search_term_string"}}],"inLanguage":"ru-RU"},{"@type":"Organization","@id":"https:\/\/www.grandesetapes.com\/ru\/#organization","name":"Grandes Etapes Fran\u00e7aises","url":"https:\/\/www.grandesetapes.com\/ru\/","logo":{"@type":"ImageObject","inLanguage":"ru-RU","@id":"https:\/\/www.grandesetapes.com\/ru\/#\/schema\/logo\/image\/","url":"https:\/\/www.grandesetapes.com\/wp-content\/uploads\/Logos\/LOGO_GEF_2017_300.png","contentUrl":"https:\/\/www.grandesetapes.com\/wp-content\/uploads\/Logos\/LOGO_GEF_2017_300.png","width":300,"height":150,"caption":"Grandes Etapes Fran\u00e7aises"},"image":{"@id":"https:\/\/www.grandesetapes.com\/ru\/#\/schema\/logo\/image\/"},"sameAs":["https:\/\/www.facebook.com\/chateauxhotels\/","https:\/\/www.instagram.com\/grandesetapesfrancaises\/","https:\/\/www.linkedin.com\/company\/grandes-etapes-fran\u00e7aises\/","https:\/\/www.youtube.com\/channel\/UCTN5vEXibunCwDsWR30tiGg"]}]}},"_links":{"self":[{"href":"https:\/\/www.grandesetapes.com\/ru\/wp-json\/wp\/v2\/pages\/18132","targetHints":{"allow":["GET"]}}],"collection":[{"href":"https:\/\/www.grandesetapes.com\/ru\/wp-json\/wp\/v2\/pages"}],"about":[{"href":"https:\/\/www.grandesetapes.com\/ru\/wp-json\/wp\/v2\/types\/page"}],"author":[{"embeddable":true,"href":"https:\/\/www.grandesetapes.com\/ru\/wp-json\/wp\/v2\/users\/1"}],"replies":[{"embeddable":true,"href":"https:\/\/www.grandesetapes.com\/ru\/wp-json\/wp\/v2\/comments?post=18132"}],"version-history":[{"count":10,"href":"https:\/\/www.grandesetapes.com\/ru\/wp-json\/wp\/v2\/pages\/18132\/revisions"}],"predecessor-version":[{"id":42646,"href":"https:\/\/www.grandesetapes.com\/ru\/wp-json\/wp\/v2\/pages\/18132\/revisions\/42646"}],"wp:attachment":[{"href":"https:\/\/www.grandesetapes.com\/ru\/wp-json\/wp\/v2\/media?parent=18132"}],"curies":[{"name":"wp","href":"https:\/\/api.w.org\/{rel}","templated":true}]}}