{"id":17535,"date":"2019-01-29T15:34:16","date_gmt":"2019-01-29T14:34:16","guid":{"rendered":"https:\/\/www.grandes-etapes.fr\/?page_id=17535"},"modified":"2025-08-28T11:37:20","modified_gmt":"2025-08-28T09:37:20","slug":"accueil","status":"publish","type":"page","link":"https:\/\/www.grandesetapes.com\/nl\/","title":{"rendered":"Accueil"},"content":{"rendered":"<div class=\"fusion-fullwidth fullwidth-box fusion-builder-row-1 nonhundred-percent-fullwidth non-hundred-percent-height-scrolling gradient-container-1\" style=\"--awb-background-position:left top;--awb-border-sizes-top:0px;--awb-border-sizes-bottom:0px;--awb-border-sizes-left:0px;--awb-border-sizes-right:0px;--awb-border-color:#f7f7f7;--awb-border-radius-top-left:0px;--awb-border-radius-top-right:0px;--awb-border-radius-bottom-right:0px;--awb-border-radius-bottom-left:0px;--awb-flex-wrap:wrap;\" ><div class=\"fusion-builder-row fusion-row\"><div class=\"fusion-layout-column fusion_builder_column fusion-builder-column-0 fusion_builder_column_1_2 1_2 fusion-one-half fusion-column-first fusion-column-no-min-height\" style=\"--awb-bg-blend:overlay;--awb-bg-size:cover;--awb-transition:filter 0ms ease, transform 0ms ease, background-color 0ms ease, border-color 0ms ease;--awb-border-color:#ffffff;--awb-border-top:0;--awb-border-right:0;--awb-border-bottom:0;--awb-border-left:0;--awb-border-style:solid;width:48%; margin-right: 4%;\" data-scroll-devices=\"small-visibility,medium-visibility,large-visibility\"><div class=\"fusion-column-wrapper fusion-column-has-shadow fusion-flex-column-wrapper-legacy\"><div class=\"fusion-image-element in-legacy-container\" style=\"--awb-caption-title-font-family:var(--h2_typography-font-family);--awb-caption-title-font-weight:var(--h2_typography-font-weight);--awb-caption-title-font-style:var(--h2_typography-font-style);--awb-caption-title-size:var(--h2_typography-font-size);--awb-caption-title-transform:var(--h2_typography-text-transform);--awb-caption-title-line-height:var(--h2_typography-line-height);--awb-caption-title-letter-spacing:var(--h2_typography-letter-spacing);\"><span class=\" fusion-imageframe imageframe-none imageframe-1 hover-type-none\"><img decoding=\"async\" width=\"800\" height=\"433\" title=\"isenbourg_exterieures_021\" src=\"https:\/\/www.grandesetapes.com\/wp-content\/uploads\/1200x650\/Isenbourg\/isenbourg_exterieures_021-800x433.jpg\" alt class=\"img-responsive wp-image-11772\" srcset=\"https:\/\/www.grandesetapes.com\/wp-content\/uploads\/1200x650\/Isenbourg\/isenbourg_exterieures_021-200x108.jpg 200w, https:\/\/www.grandesetapes.com\/wp-content\/uploads\/1200x650\/Isenbourg\/isenbourg_exterieures_021-400x217.jpg 400w, https:\/\/www.grandesetapes.com\/wp-content\/uploads\/1200x650\/Isenbourg\/isenbourg_exterieures_021-600x325.jpg 600w, https:\/\/www.grandesetapes.com\/wp-content\/uploads\/1200x650\/Isenbourg\/isenbourg_exterieures_021-800x433.jpg 800w, https:\/\/www.grandesetapes.com\/wp-content\/uploads\/1200x650\/Isenbourg\/isenbourg_exterieures_021.jpg 1200w\" sizes=\"(max-width: 800px) 100vw, 600px\" \/><\/span><\/div><div class=\"fusion-title title fusion-title-1 fusion-sep-none fusion-title-text fusion-title-size-one\" style=\"--awb-margin-top:-10px;--awb-margin-bottom:0px;--awb-margin-top-small:0px;--awb-margin-right-small:0px;--awb-margin-bottom-small:20px;--awb-margin-left-small:0px;\"><h1 class=\"fusion-title-heading title-heading-right fusion-responsive-typography-calculated\" style=\"margin:0;--fontSize:46;line-height:1.10;\"><p class=\"m_title\" style=\"text-align: left\"><span style=\"color: #997f00;font-size: 14pt\">Rouffach &#8211; Elzas<\/span><\/p><\/h1><\/div><div class=\"fusion-title title fusion-title-2 fusion-sep-none fusion-title-text fusion-title-size-four\" style=\"--awb-margin-top-small:0px;--awb-margin-right-small:0px;--awb-margin-bottom-small:20px;--awb-margin-left-small:0px;\"><h4 class=\"fusion-title-heading title-heading-left fusion-responsive-typography-calculated\" style=\"margin:0;--fontSize:18;--minFontSize:18;line-height:1.67;\"><p class=\"m_title\" style=\"text-align: justify\"><span style=\"font-size: 10pt\">Charmehotel en Wellnesscentrum op de Wijnroute van de Elzas. Aan de voet van het kasteel vindt u de historische stad Rouffach.<\/span><\/p><\/h4><\/div><div class=\"fusion-alignright\"><a class=\"fusion-button button-flat button-small button-custom fusion-button-default button-1 fusion-button-default-span fusion-has-button-gradient\" style=\"--button_accent_color:#ffffff;--button_accent_hover_color:#ffffff;--button_border_hover_color:#ffffff;--button_border_width-top:0px;--button_border_width-right:0px;--button_border_width-bottom:0px;--button_border_width-left:0px;--button_gradient_top_color:rgba(153,127,0,0.56);--button_gradient_bottom_color:#997f00;--button_gradient_top_color_hover:#997f00;--button_gradient_bottom_color_hover:rgba(153,127,0,0.59);--button_text_transform:none;\" target=\"_self\" href=\"https:\/\/www.grandesetapes.com\/chateau-hotel-isenbourg-alsace\/nl\"><span class=\"fusion-button-text awb-button__text awb-button__text--default\">Ch\u00e2teau d&#8217;Isenbourg<\/span><i class=\"fa-plus fas awb-button__icon awb-button__icon--default button-icon-right\" aria-hidden=\"true\"><\/i><\/a><\/div><div class=\"fusion-clearfix\"><\/div><\/div><\/div><div class=\"fusion-layout-column fusion_builder_column fusion-builder-column-1 fusion_builder_column_1_2 1_2 fusion-one-half fusion-column-last fusion-column-no-min-height\" style=\"--awb-bg-blend:overlay;--awb-bg-size:cover;--awb-border-color:#ffffff;--awb-border-top:0;--awb-border-right:0;--awb-border-bottom:0;--awb-border-left:0;--awb-border-style:solid;width:48%;\"><div class=\"fusion-column-wrapper fusion-flex-column-wrapper-legacy\"><div class=\"fusion-image-element in-legacy-container\" style=\"--awb-caption-title-font-family:var(--h2_typography-font-family);--awb-caption-title-font-weight:var(--h2_typography-font-weight);--awb-caption-title-font-style:var(--h2_typography-font-style);--awb-caption-title-size:var(--h2_typography-font-size);--awb-caption-title-transform:var(--h2_typography-text-transform);--awb-caption-title-line-height:var(--h2_typography-line-height);--awb-caption-title-letter-spacing:var(--h2_typography-letter-spacing);\"><span class=\" fusion-imageframe imageframe-none imageframe-2 hover-type-none\"><img decoding=\"async\" width=\"800\" height=\"433\" title=\"gilly_vues_exterieures_003\" src=\"https:\/\/www.grandesetapes.com\/wp-content\/uploads\/1200x650\/Gilly\/gilly_vues_exterieures_003-800x433.jpg\" alt class=\"img-responsive wp-image-8441\" srcset=\"https:\/\/www.grandesetapes.com\/wp-content\/uploads\/1200x650\/Gilly\/gilly_vues_exterieures_003-200x108.jpg 200w, https:\/\/www.grandesetapes.com\/wp-content\/uploads\/1200x650\/Gilly\/gilly_vues_exterieures_003-400x216.jpg 400w, https:\/\/www.grandesetapes.com\/wp-content\/uploads\/1200x650\/Gilly\/gilly_vues_exterieures_003-600x325.jpg 600w, https:\/\/www.grandesetapes.com\/wp-content\/uploads\/1200x650\/Gilly\/gilly_vues_exterieures_003-800x433.jpg 800w, https:\/\/www.grandesetapes.com\/wp-content\/uploads\/1200x650\/Gilly\/gilly_vues_exterieures_003.jpg 1200w\" sizes=\"(max-width: 800px) 100vw, 600px\" \/><\/span><\/div><div class=\"fusion-title title fusion-title-3 fusion-sep-none fusion-title-text fusion-title-size-one\" style=\"--awb-margin-top:-10px;--awb-margin-bottom:0px;--awb-margin-top-small:0px;--awb-margin-right-small:0px;--awb-margin-bottom-small:20px;--awb-margin-left-small:0px;\"><h1 class=\"fusion-title-heading title-heading-right fusion-responsive-typography-calculated\" style=\"margin:0;--fontSize:46;line-height:1.10;\"><p class=\"m_title\" style=\"text-align: left\"><span style=\"color: #997f00;font-size: 14pt\">Vougeot &#8211; Bourgogne<\/span><\/p><\/h1><\/div><div class=\"fusion-title title fusion-title-4 fusion-sep-none fusion-title-text fusion-title-size-four\" style=\"--awb-margin-top-small:0px;--awb-margin-right-small:0px;--awb-margin-bottom-small:20px;--awb-margin-left-small:0px;\"><h4 class=\"fusion-title-heading title-heading-left fusion-responsive-typography-calculated\" style=\"margin:0;--fontSize:18;--minFontSize:18;line-height:1.67;\"><p style=\"text-align: justify\"><span style=\"font-size: 10pt\"><strong>Gesloten wegens renovatie<\/strong> <br \/>\nHet Kasteel van Gilly, charmehotel in het hart van de Bourgogne, tussen Dijon en Beaune.<\/span><\/p><\/h4><\/div><div class=\"fusion-alignright\"><a class=\"fusion-button button-flat button-small button-custom fusion-button-default button-2 fusion-button-default-span fusion-has-button-gradient\" style=\"--button_accent_color:#ffffff;--button_accent_hover_color:#ffffff;--button_border_hover_color:#ffffff;--button_border_width-top:0px;--button_border_width-right:0px;--button_border_width-bottom:0px;--button_border_width-left:0px;--button_gradient_top_color:rgba(153,127,0,0.56);--button_gradient_bottom_color:#997f00;--button_gradient_top_color_hover:#997f00;--button_gradient_bottom_color_hover:rgba(153,127,0,0.59);--button_text_transform:none;\" target=\"_self\" href=\"https:\/\/www.sources-hotels.com\/bourgogne\/en\/\"><span class=\"fusion-button-text awb-button__text awb-button__text--default\">Les Sources de Vougeot<\/span><i class=\"fa-plus fas awb-button__icon awb-button__icon--default button-icon-right\" aria-hidden=\"true\"><\/i><\/a><\/div><div class=\"fusion-clearfix\"><\/div><\/div><\/div><\/div><\/div>\n","protected":false},"excerpt":{"rendered":"","protected":false},"author":1,"featured_media":0,"parent":0,"menu_order":0,"comment_status":"open","ping_status":"open","template":"100-width.php","meta":{"footnotes":""},"class_list":["post-17535","page","type-page","status-publish","hentry"],"yoast_head":"<!-- This site is optimized with the Yoast SEO Premium plugin v22.1 (Yoast SEO v27.4) - https:\/\/yoast.com\/product\/yoast-seo-premium-wordpress\/ -->\n<title>Kastelen hotels in Frankrijk: 4 en 5 sterren hotels - Offci\u00eble website<\/title>\n<meta name=\"description\" content=\"Kastelen hotels in Frankrijk: : Straatsburg, op de Wijnroute van de Elzas. in het hart van Bourgogne, ligt vlakbij het Clos Vougeot, LoireVallei\" \/>\n<meta name=\"robots\" content=\"index, follow, max-snippet:-1, max-image-preview:large, max-video-preview:-1\" \/>\n<link rel=\"canonical\" href=\"https:\/\/www.grandesetapes.com\/nl\/\" \/>\n<meta property=\"og:locale\" content=\"nl_NL\" \/>\n<meta property=\"og:type\" content=\"article\" \/>\n<meta property=\"og:title\" content=\"Accueil\" \/>\n<meta property=\"og:description\" content=\"Site Officiel - Ch\u00e2teau h\u00f4tels 4 et 5* de charme en France. En Alsace, Bourgogne et dans le Val de Loire.\" \/>\n<meta property=\"og:url\" content=\"https:\/\/www.grandesetapes.com\/nl\/\" \/>\n<meta property=\"og:site_name\" content=\"Chateaux h\u00f4tels Grandes \u00c9tapes Fran\u00e7aises\" \/>\n<meta property=\"article:publisher\" content=\"https:\/\/www.facebook.com\/chateauxhotels\/\" \/>\n<meta property=\"article:modified_time\" content=\"2025-08-28T09:37:20+00:00\" \/>\n<meta property=\"og:image\" content=\"https:\/\/www.grandesetapes.com\/wp-content\/uploads\/2000x\/Artigny\/artigny_ext_2019.jpg\" \/>\n<meta name=\"twitter:card\" content=\"summary_large_image\" \/>\n<meta name=\"twitter:label1\" content=\"Geschatte leestijd\" \/>\n\t<meta name=\"twitter:data1\" content=\"6 minuten\" \/>\n<script type=\"application\/ld+json\" class=\"yoast-schema-graph\">{\"@context\":\"https:\\\/\\\/schema.org\",\"@graph\":[{\"@type\":\"WebPage\",\"@id\":\"https:\\\/\\\/www.grandesetapes.com\\\/nl\\\/\",\"url\":\"https:\\\/\\\/www.grandesetapes.com\\\/nl\\\/\",\"name\":\"Kastelen hotels in Frankrijk: 4 en 5 sterren hotels - Offci\u00eble website\",\"isPartOf\":{\"@id\":\"https:\\\/\\\/www.grandesetapes.com\\\/nl\\\/#website\"},\"datePublished\":\"2019-01-29T14:34:16+00:00\",\"dateModified\":\"2025-08-28T09:37:20+00:00\",\"description\":\"Kastelen hotels in Frankrijk: : Straatsburg, op de Wijnroute van de Elzas. in het hart van Bourgogne, ligt vlakbij het Clos Vougeot, LoireVallei\",\"breadcrumb\":{\"@id\":\"https:\\\/\\\/www.grandesetapes.com\\\/nl\\\/#breadcrumb\"},\"inLanguage\":\"nl-NL\",\"potentialAction\":[{\"@type\":\"ReadAction\",\"target\":[\"https:\\\/\\\/www.grandesetapes.com\\\/nl\\\/\"]}]},{\"@type\":\"BreadcrumbList\",\"@id\":\"https:\\\/\\\/www.grandesetapes.com\\\/nl\\\/#breadcrumb\",\"itemListElement\":[{\"@type\":\"ListItem\",\"position\":1,\"name\":\"Accueil\",\"item\":\"https:\\\/\\\/www.grandesetapes.com\\\/nl\\\/\"},{\"@type\":\"ListItem\",\"position\":2,\"name\":\"Accueil\"}]},{\"@type\":\"WebSite\",\"@id\":\"https:\\\/\\\/www.grandesetapes.com\\\/nl\\\/#website\",\"url\":\"https:\\\/\\\/www.grandesetapes.com\\\/nl\\\/\",\"name\":\"Chateaux h\u00f4tels Grandes \u00c9tapes Fran\u00e7aises\",\"description\":\"\",\"publisher\":{\"@id\":\"https:\\\/\\\/www.grandesetapes.com\\\/nl\\\/#organization\"},\"potentialAction\":[{\"@type\":\"SearchAction\",\"target\":{\"@type\":\"EntryPoint\",\"urlTemplate\":\"https:\\\/\\\/www.grandesetapes.com\\\/nl\\\/?s={search_term_string}\"},\"query-input\":{\"@type\":\"PropertyValueSpecification\",\"valueRequired\":true,\"valueName\":\"search_term_string\"}}],\"inLanguage\":\"nl-NL\"},{\"@type\":\"Organization\",\"@id\":\"https:\\\/\\\/www.grandesetapes.com\\\/nl\\\/#organization\",\"name\":\"Grandes Etapes Fran\u00e7aises\",\"url\":\"https:\\\/\\\/www.grandesetapes.com\\\/nl\\\/\",\"logo\":{\"@type\":\"ImageObject\",\"inLanguage\":\"nl-NL\",\"@id\":\"https:\\\/\\\/www.grandesetapes.com\\\/nl\\\/#\\\/schema\\\/logo\\\/image\\\/\",\"url\":\"https:\\\/\\\/www.grandesetapes.com\\\/wp-content\\\/uploads\\\/Logos\\\/LOGO_GEF_2017_300.png\",\"contentUrl\":\"https:\\\/\\\/www.grandesetapes.com\\\/wp-content\\\/uploads\\\/Logos\\\/LOGO_GEF_2017_300.png\",\"width\":300,\"height\":150,\"caption\":\"Grandes Etapes Fran\u00e7aises\"},\"image\":{\"@id\":\"https:\\\/\\\/www.grandesetapes.com\\\/nl\\\/#\\\/schema\\\/logo\\\/image\\\/\"},\"sameAs\":[\"https:\\\/\\\/www.facebook.com\\\/chateauxhotels\\\/\",\"https:\\\/\\\/www.instagram.com\\\/grandesetapesfrancaises\\\/\",\"https:\\\/\\\/www.linkedin.com\\\/company\\\/grandes-etapes-fran\u00e7aises\\\/\",\"https:\\\/\\\/www.youtube.com\\\/channel\\\/UCTN5vEXibunCwDsWR30tiGg\"]}]}<\/script>\n<!-- \/ Yoast SEO Premium plugin. -->","yoast_head_json":{"title":"Kastelen hotels in Frankrijk: 4 en 5 sterren hotels - Offci\u00eble website","description":"Kastelen hotels in Frankrijk: : Straatsburg, op de Wijnroute van de Elzas. in het hart van Bourgogne, ligt vlakbij het Clos Vougeot, LoireVallei","robots":{"index":"index","follow":"follow","max-snippet":"max-snippet:-1","max-image-preview":"max-image-preview:large","max-video-preview":"max-video-preview:-1"},"canonical":"https:\/\/www.grandesetapes.com\/nl\/","og_locale":"nl_NL","og_type":"article","og_title":"Accueil","og_description":"Site Officiel - Ch\u00e2teau h\u00f4tels 4 et 5* de charme en France. En Alsace, Bourgogne et dans le Val de Loire.","og_url":"https:\/\/www.grandesetapes.com\/nl\/","og_site_name":"Chateaux h\u00f4tels Grandes \u00c9tapes Fran\u00e7aises","article_publisher":"https:\/\/www.facebook.com\/chateauxhotels\/","article_modified_time":"2025-08-28T09:37:20+00:00","og_image":[{"url":"https:\/\/www.grandesetapes.com\/wp-content\/uploads\/2000x\/Artigny\/artigny_ext_2019.jpg","type":"","width":"","height":""}],"twitter_card":"summary_large_image","twitter_misc":{"Geschatte leestijd":"6 minuten"},"schema":{"@context":"https:\/\/schema.org","@graph":[{"@type":"WebPage","@id":"https:\/\/www.grandesetapes.com\/nl\/","url":"https:\/\/www.grandesetapes.com\/nl\/","name":"Kastelen hotels in Frankrijk: 4 en 5 sterren hotels - Offci\u00eble website","isPartOf":{"@id":"https:\/\/www.grandesetapes.com\/nl\/#website"},"datePublished":"2019-01-29T14:34:16+00:00","dateModified":"2025-08-28T09:37:20+00:00","description":"Kastelen hotels in Frankrijk: : Straatsburg, op de Wijnroute van de Elzas. in het hart van Bourgogne, ligt vlakbij het Clos Vougeot, LoireVallei","breadcrumb":{"@id":"https:\/\/www.grandesetapes.com\/nl\/#breadcrumb"},"inLanguage":"nl-NL","potentialAction":[{"@type":"ReadAction","target":["https:\/\/www.grandesetapes.com\/nl\/"]}]},{"@type":"BreadcrumbList","@id":"https:\/\/www.grandesetapes.com\/nl\/#breadcrumb","itemListElement":[{"@type":"ListItem","position":1,"name":"Accueil","item":"https:\/\/www.grandesetapes.com\/nl\/"},{"@type":"ListItem","position":2,"name":"Accueil"}]},{"@type":"WebSite","@id":"https:\/\/www.grandesetapes.com\/nl\/#website","url":"https:\/\/www.grandesetapes.com\/nl\/","name":"Chateaux h\u00f4tels Grandes \u00c9tapes Fran\u00e7aises","description":"","publisher":{"@id":"https:\/\/www.grandesetapes.com\/nl\/#organization"},"potentialAction":[{"@type":"SearchAction","target":{"@type":"EntryPoint","urlTemplate":"https:\/\/www.grandesetapes.com\/nl\/?s={search_term_string}"},"query-input":{"@type":"PropertyValueSpecification","valueRequired":true,"valueName":"search_term_string"}}],"inLanguage":"nl-NL"},{"@type":"Organization","@id":"https:\/\/www.grandesetapes.com\/nl\/#organization","name":"Grandes Etapes Fran\u00e7aises","url":"https:\/\/www.grandesetapes.com\/nl\/","logo":{"@type":"ImageObject","inLanguage":"nl-NL","@id":"https:\/\/www.grandesetapes.com\/nl\/#\/schema\/logo\/image\/","url":"https:\/\/www.grandesetapes.com\/wp-content\/uploads\/Logos\/LOGO_GEF_2017_300.png","contentUrl":"https:\/\/www.grandesetapes.com\/wp-content\/uploads\/Logos\/LOGO_GEF_2017_300.png","width":300,"height":150,"caption":"Grandes Etapes Fran\u00e7aises"},"image":{"@id":"https:\/\/www.grandesetapes.com\/nl\/#\/schema\/logo\/image\/"},"sameAs":["https:\/\/www.facebook.com\/chateauxhotels\/","https:\/\/www.instagram.com\/grandesetapesfrancaises\/","https:\/\/www.linkedin.com\/company\/grandes-etapes-fran\u00e7aises\/","https:\/\/www.youtube.com\/channel\/UCTN5vEXibunCwDsWR30tiGg"]}]}},"_links":{"self":[{"href":"https:\/\/www.grandesetapes.com\/nl\/wp-json\/wp\/v2\/pages\/17535","targetHints":{"allow":["GET"]}}],"collection":[{"href":"https:\/\/www.grandesetapes.com\/nl\/wp-json\/wp\/v2\/pages"}],"about":[{"href":"https:\/\/www.grandesetapes.com\/nl\/wp-json\/wp\/v2\/types\/page"}],"author":[{"embeddable":true,"href":"https:\/\/www.grandesetapes.com\/nl\/wp-json\/wp\/v2\/users\/1"}],"replies":[{"embeddable":true,"href":"https:\/\/www.grandesetapes.com\/nl\/wp-json\/wp\/v2\/comments?post=17535"}],"version-history":[{"count":29,"href":"https:\/\/www.grandesetapes.com\/nl\/wp-json\/wp\/v2\/pages\/17535\/revisions"}],"predecessor-version":[{"id":42680,"href":"https:\/\/www.grandesetapes.com\/nl\/wp-json\/wp\/v2\/pages\/17535\/revisions\/42680"}],"wp:attachment":[{"href":"https:\/\/www.grandesetapes.com\/nl\/wp-json\/wp\/v2\/media?parent=17535"}],"curies":[{"name":"wp","href":"https:\/\/api.w.org\/{rel}","templated":true}]}}