{"id":38809,"date":"2020-04-15T17:06:42","date_gmt":"2020-04-15T15:06:42","guid":{"rendered":"https:\/\/www.grandesetapes.com\/information-speciale\/"},"modified":"2022-03-13T10:22:19","modified_gmt":"2022-03-13T09:22:19","slug":"special-info","status":"publish","type":"page","link":"https:\/\/www.grandesetapes.com\/en\/special-info\/","title":{"rendered":"Special information"},"content":{"rendered":"<div class=\"fusion-fullwidth fullwidth-box fusion-builder-row-1 nonhundred-percent-fullwidth non-hundred-percent-height-scrolling fusion-equal-height-columns gradient-container-1\" style=\"--awb-background-position:left top;--awb-border-sizes-top:0px;--awb-border-sizes-bottom:0px;--awb-border-sizes-left:0px;--awb-border-sizes-right:0px;--awb-border-radius-top-left:0px;--awb-border-radius-top-right:0px;--awb-border-radius-bottom-right:0px;--awb-border-radius-bottom-left:0px;--awb-padding-top:65px;--awb-padding-bottom:0px;--awb-margin-top:65px;--awb-margin-bottom:0px;--awb-flex-wrap:wrap;\" ><div class=\"fusion-builder-row fusion-row\"><div class=\"fusion-layout-column fusion_builder_column fusion-builder-column-0 fusion_builder_column_1_1 1_1 fusion-one-full fusion-column-first fusion-column-last fusion-column-no-min-height\" style=\"--awb-bg-size:cover;\"><div class=\"fusion-column-wrapper fusion-column-has-shadow fusion-flex-column-wrapper-legacy\"><div class=\"fusion-title title fusion-title-1 fusion-sep-none fusion-title-center fusion-title-text fusion-title-size-two\" style=\"--awb-margin-top:-20px;--awb-margin-bottom:0px;--awb-margin-top-small:0px;--awb-margin-right-small:0px;--awb-margin-bottom-small:20px;--awb-margin-left-small:0px;--awb-sep-color:#997f00;\"><h2 class=\"fusion-title-heading title-heading-center fusion-responsive-typography-calculated\" style=\"margin:0;--fontSize:26;line-height:1.69;\"><p style=\"text-align: left\"><span style=\"font-size: 25pt\"><span style=\"color: #997f00\">Information \u2013 Covid 19<\/span><\/span><\/p><\/h2><\/div><div class=\"fusion-clearfix\"><\/div><\/div><\/div><div class=\"fusion-layout-column fusion_builder_column fusion-builder-column-1 fusion_builder_column_2_5 2_5 fusion-two-fifth fusion-column-first\" style=\"--awb-bg-image:url(&#039;https:\/\/www.grandesetapes.com\/wp-content\/uploads\/2000x\/Gilly\/cht-de-gilly-101-md_2000.jpg&#039;);--awb-bg-position:center center;--awb-bg-size:cover;\"><div class=\"fusion-column-wrapper fusion-column-has-shadow fusion-flex-column-wrapper-legacy fusion-empty-column-bg-image fusion-column-has-bg-image\" data-bg-url=\"https:\/\/www.grandesetapes.com\/wp-content\/uploads\/2000x\/Gilly\/cht-de-gilly-101-md_2000.jpg\"><img decoding=\"async\" class=\"fusion-empty-dims-img-placeholder fusion-no-large-visibility\" aria-label=\"cht de gilly 101 md_2000\" src=\"data:image\/svg+xml,%3Csvg%20xmlns%3D%27http%3A%2F%2Fwww.w3.org%2F2000%2Fsvg%27%20width%3D%272000%27%20height%3D%273000%27%20viewBox%3D%270%200%202000%203000%27%3E%3Crect%20width%3D%272000%27%20height%3D%273000%27%20fill-opacity%3D%220%22%2F%3E%3C%2Fsvg%3E\"><div class=\"fusion-clearfix\"><\/div><\/div><\/div><div class=\"fusion-layout-column fusion_builder_column fusion-builder-column-2 fusion_builder_column_3_5 3_5 fusion-three-fifth fusion-column-last\" style=\"--awb-padding-top:40px;--awb-padding-left:40px;--awb-bg-color:#ffffff;--awb-bg-color-hover:#ffffff;--awb-bg-size:cover;\"><div class=\"fusion-column-wrapper fusion-column-has-shadow fusion-flex-column-wrapper-legacy\"><div class=\"fusion-text fusion-text-1\" style=\"--awb-text-transform:none;\"><p style=\"text-align: center\"><strong>\u00a0<\/strong><\/p>\n<p style=\"text-align: justify\"><strong>From March 14th vaccination pass and mask are no longer required to access our hotels &amp; restaurants<\/strong><\/p>\n<p>&nbsp;<\/p>\n<p>&nbsp;<\/p>\n<\/div><div class=\"fusion-button-wrapper\"><a class=\"fusion-button button-flat fusion-button-default-size button-custom fusion-button-default button-1 fusion-button-default-span fusion-button-default-type fusion-has-button-gradient\" style=\"--button_accent_color:#ffffff;--button_accent_hover_color:#ffffff;--button_border_hover_color:#ffffff;--button_gradient_top_color:#997f00;--button_gradient_bottom_color:rgba(153,127,0,0.89);--button_gradient_top_color_hover:rgba(153,127,0,0.82);--button_gradient_bottom_color_hover:997f00;\" target=\"_self\" href=\"https:\/\/www.grandesetapes.com\/en\/registration-newsletter\/\"><span class=\"fusion-button-text awb-button__text awb-button__text--default\">&gt; Newsletter<\/span><\/a><\/div><div class=\"fusion-sep-clear\"><\/div><div class=\"fusion-separator fusion-full-width-sep\" style=\"margin-left: auto;margin-right: auto;margin-top:10px;margin-bottom:10px;width:100%;\"><\/div><div class=\"fusion-sep-clear\"><\/div><div class=\"fusion-text fusion-text-2\" style=\"--awb-text-transform:none;\"><p style=\"text-align: justify\">Our reception teams are available on phone\/mail<br \/>\nCh\u00e2teau d\u2019Artigny \u2013 02 47 34 30 30 \u2013 <a href=\"https:\/\/www.grandesetapes.com\/chateau-hotel-artigny-loire\/en\/contact-us\/\">artigny@grandesetapes.fr<\/a><br \/>\nLe Choiseul \u2013 02 47 30 45 45 \u2013 <a href=\"https:\/\/www.grandesetapes.com\/chateau-hotel-choiseul-amboise\/en\/contact-us\/\">choiseul@grandesetapes.fr<\/a><br \/>\nCh\u00e2teau de Gilly \u2013 03 80 62 89 98 \u2013 <a href=\"https:\/\/www.grandesetapes.com\/chateau-hotel-gilly-bourgogne\/en\/contact-us\/\">gilly@grandesetapes.fr<\/a><br \/>\nCh\u00e2teau d\u2019Isenbourg \u2013 03 89 78 58 50 \u2013 <a href=\"https:\/\/www.grandesetapes.com\/chateau-hotel-isenbourg-alsace\/en\/contact-us\/\">isenbourg@grandesetapes.fr<\/a><br \/>\nCh\u00e2teau de l\u2019Ile \u2013 03 88 66 85 00 \u2013 <a href=\"https:\/\/www.grandesetapes.com\/chateau-hotel-ile-strasbourg\/en\/contact-us\/\">ile@grandesetapes.fr<\/a><\/p>\n<\/div><div class=\"fusion-clearfix\"><\/div><\/div><\/div><\/div><\/div>\n","protected":false},"excerpt":{"rendered":"","protected":false},"author":1,"featured_media":0,"parent":0,"menu_order":0,"comment_status":"closed","ping_status":"closed","template":"","meta":{"footnotes":""},"class_list":["post-38809","page","type-page","status-publish","hentry"],"yoast_head":"<!-- This site is optimized with the Yoast SEO Premium plugin v22.1 (Yoast SEO v27.4) - https:\/\/yoast.com\/product\/yoast-seo-premium-wordpress\/ -->\n<title>Grandes Etapes Fran\u00e7aises - chateaux-hotels - new covid 19<\/title>\n<meta name=\"description\" content=\"New rules for bookings and cancellation Covid 19. Ch\u00e2teaux-h\u00f4tels Grandes Etapes Fran\u00e7aises.\" \/>\n<meta name=\"robots\" content=\"index, follow, max-snippet:-1, max-image-preview:large, max-video-preview:-1\" \/>\n<link rel=\"canonical\" href=\"https:\/\/www.grandesetapes.com\/en\/special-info\/\" \/>\n<meta property=\"og:locale\" content=\"en_US\" \/>\n<meta property=\"og:type\" content=\"article\" \/>\n<meta property=\"og:title\" content=\"Special information\" \/>\n<meta property=\"og:description\" content=\"New rules for bookings and cancellation Covid 19. Ch\u00e2teaux-h\u00f4tels Grandes Etapes Fran\u00e7aises.\" \/>\n<meta property=\"og:url\" content=\"https:\/\/www.grandesetapes.com\/en\/special-info\/\" \/>\n<meta property=\"og:site_name\" content=\"Chateaux h\u00f4tels Grandes \u00c9tapes Fran\u00e7aises\" \/>\n<meta property=\"article:publisher\" content=\"https:\/\/www.facebook.com\/chateauxhotels\/\" \/>\n<meta property=\"article:modified_time\" content=\"2022-03-13T09:22:19+00:00\" \/>\n<meta name=\"twitter:card\" content=\"summary_large_image\" \/>\n<meta name=\"twitter:label1\" content=\"Est. reading time\" \/>\n\t<meta name=\"twitter:data1\" content=\"5 minutes\" \/>\n<script type=\"application\/ld+json\" class=\"yoast-schema-graph\">{\"@context\":\"https:\\\/\\\/schema.org\",\"@graph\":[{\"@type\":\"WebPage\",\"@id\":\"https:\\\/\\\/www.grandesetapes.com\\\/en\\\/special-info\\\/\",\"url\":\"https:\\\/\\\/www.grandesetapes.com\\\/en\\\/special-info\\\/\",\"name\":\"Grandes Etapes Fran\u00e7aises - chateaux-hotels - new covid 19\",\"isPartOf\":{\"@id\":\"https:\\\/\\\/www.grandesetapes.com\\\/en\\\/#website\"},\"datePublished\":\"2020-04-15T15:06:42+00:00\",\"dateModified\":\"2022-03-13T09:22:19+00:00\",\"description\":\"New rules for bookings and cancellation Covid 19. Ch\u00e2teaux-h\u00f4tels Grandes Etapes Fran\u00e7aises.\",\"breadcrumb\":{\"@id\":\"https:\\\/\\\/www.grandesetapes.com\\\/en\\\/special-info\\\/#breadcrumb\"},\"inLanguage\":\"en-US\",\"potentialAction\":[{\"@type\":\"ReadAction\",\"target\":[\"https:\\\/\\\/www.grandesetapes.com\\\/en\\\/special-info\\\/\"]}]},{\"@type\":\"BreadcrumbList\",\"@id\":\"https:\\\/\\\/www.grandesetapes.com\\\/en\\\/special-info\\\/#breadcrumb\",\"itemListElement\":[{\"@type\":\"ListItem\",\"position\":1,\"name\":\"Accueil\",\"item\":\"https:\\\/\\\/www.grandesetapes.com\\\/en\\\/\"},{\"@type\":\"ListItem\",\"position\":2,\"name\":\"Special information\"}]},{\"@type\":\"WebSite\",\"@id\":\"https:\\\/\\\/www.grandesetapes.com\\\/en\\\/#website\",\"url\":\"https:\\\/\\\/www.grandesetapes.com\\\/en\\\/\",\"name\":\"Chateaux h\u00f4tels Grandes \u00c9tapes Fran\u00e7aises\",\"description\":\"\",\"publisher\":{\"@id\":\"https:\\\/\\\/www.grandesetapes.com\\\/en\\\/#organization\"},\"potentialAction\":[{\"@type\":\"SearchAction\",\"target\":{\"@type\":\"EntryPoint\",\"urlTemplate\":\"https:\\\/\\\/www.grandesetapes.com\\\/en\\\/?s={search_term_string}\"},\"query-input\":{\"@type\":\"PropertyValueSpecification\",\"valueRequired\":true,\"valueName\":\"search_term_string\"}}],\"inLanguage\":\"en-US\"},{\"@type\":\"Organization\",\"@id\":\"https:\\\/\\\/www.grandesetapes.com\\\/en\\\/#organization\",\"name\":\"Grandes Etapes Fran\u00e7aises\",\"url\":\"https:\\\/\\\/www.grandesetapes.com\\\/en\\\/\",\"logo\":{\"@type\":\"ImageObject\",\"inLanguage\":\"en-US\",\"@id\":\"https:\\\/\\\/www.grandesetapes.com\\\/en\\\/#\\\/schema\\\/logo\\\/image\\\/\",\"url\":\"https:\\\/\\\/www.grandesetapes.com\\\/wp-content\\\/uploads\\\/Logos\\\/LOGO_GEF_2017_300.png\",\"contentUrl\":\"https:\\\/\\\/www.grandesetapes.com\\\/wp-content\\\/uploads\\\/Logos\\\/LOGO_GEF_2017_300.png\",\"width\":300,\"height\":150,\"caption\":\"Grandes Etapes Fran\u00e7aises\"},\"image\":{\"@id\":\"https:\\\/\\\/www.grandesetapes.com\\\/en\\\/#\\\/schema\\\/logo\\\/image\\\/\"},\"sameAs\":[\"https:\\\/\\\/www.facebook.com\\\/chateauxhotels\\\/\",\"https:\\\/\\\/www.instagram.com\\\/grandesetapesfrancaises\\\/\",\"https:\\\/\\\/www.linkedin.com\\\/company\\\/grandes-etapes-fran\u00e7aises\\\/\",\"https:\\\/\\\/www.youtube.com\\\/channel\\\/UCTN5vEXibunCwDsWR30tiGg\"]}]}<\/script>\n<!-- \/ Yoast SEO Premium plugin. -->","yoast_head_json":{"title":"Grandes Etapes Fran\u00e7aises - chateaux-hotels - new covid 19","description":"New rules for bookings and cancellation Covid 19. Ch\u00e2teaux-h\u00f4tels Grandes Etapes Fran\u00e7aises.","robots":{"index":"index","follow":"follow","max-snippet":"max-snippet:-1","max-image-preview":"max-image-preview:large","max-video-preview":"max-video-preview:-1"},"canonical":"https:\/\/www.grandesetapes.com\/en\/special-info\/","og_locale":"en_US","og_type":"article","og_title":"Special information","og_description":"New rules for bookings and cancellation Covid 19. Ch\u00e2teaux-h\u00f4tels Grandes Etapes Fran\u00e7aises.","og_url":"https:\/\/www.grandesetapes.com\/en\/special-info\/","og_site_name":"Chateaux h\u00f4tels Grandes \u00c9tapes Fran\u00e7aises","article_publisher":"https:\/\/www.facebook.com\/chateauxhotels\/","article_modified_time":"2022-03-13T09:22:19+00:00","twitter_card":"summary_large_image","twitter_misc":{"Est. reading time":"5 minutes"},"schema":{"@context":"https:\/\/schema.org","@graph":[{"@type":"WebPage","@id":"https:\/\/www.grandesetapes.com\/en\/special-info\/","url":"https:\/\/www.grandesetapes.com\/en\/special-info\/","name":"Grandes Etapes Fran\u00e7aises - chateaux-hotels - new covid 19","isPartOf":{"@id":"https:\/\/www.grandesetapes.com\/en\/#website"},"datePublished":"2020-04-15T15:06:42+00:00","dateModified":"2022-03-13T09:22:19+00:00","description":"New rules for bookings and cancellation Covid 19. Ch\u00e2teaux-h\u00f4tels Grandes Etapes Fran\u00e7aises.","breadcrumb":{"@id":"https:\/\/www.grandesetapes.com\/en\/special-info\/#breadcrumb"},"inLanguage":"en-US","potentialAction":[{"@type":"ReadAction","target":["https:\/\/www.grandesetapes.com\/en\/special-info\/"]}]},{"@type":"BreadcrumbList","@id":"https:\/\/www.grandesetapes.com\/en\/special-info\/#breadcrumb","itemListElement":[{"@type":"ListItem","position":1,"name":"Accueil","item":"https:\/\/www.grandesetapes.com\/en\/"},{"@type":"ListItem","position":2,"name":"Special information"}]},{"@type":"WebSite","@id":"https:\/\/www.grandesetapes.com\/en\/#website","url":"https:\/\/www.grandesetapes.com\/en\/","name":"Chateaux h\u00f4tels Grandes \u00c9tapes Fran\u00e7aises","description":"","publisher":{"@id":"https:\/\/www.grandesetapes.com\/en\/#organization"},"potentialAction":[{"@type":"SearchAction","target":{"@type":"EntryPoint","urlTemplate":"https:\/\/www.grandesetapes.com\/en\/?s={search_term_string}"},"query-input":{"@type":"PropertyValueSpecification","valueRequired":true,"valueName":"search_term_string"}}],"inLanguage":"en-US"},{"@type":"Organization","@id":"https:\/\/www.grandesetapes.com\/en\/#organization","name":"Grandes Etapes Fran\u00e7aises","url":"https:\/\/www.grandesetapes.com\/en\/","logo":{"@type":"ImageObject","inLanguage":"en-US","@id":"https:\/\/www.grandesetapes.com\/en\/#\/schema\/logo\/image\/","url":"https:\/\/www.grandesetapes.com\/wp-content\/uploads\/Logos\/LOGO_GEF_2017_300.png","contentUrl":"https:\/\/www.grandesetapes.com\/wp-content\/uploads\/Logos\/LOGO_GEF_2017_300.png","width":300,"height":150,"caption":"Grandes Etapes Fran\u00e7aises"},"image":{"@id":"https:\/\/www.grandesetapes.com\/en\/#\/schema\/logo\/image\/"},"sameAs":["https:\/\/www.facebook.com\/chateauxhotels\/","https:\/\/www.instagram.com\/grandesetapesfrancaises\/","https:\/\/www.linkedin.com\/company\/grandes-etapes-fran\u00e7aises\/","https:\/\/www.youtube.com\/channel\/UCTN5vEXibunCwDsWR30tiGg"]}]}},"_links":{"self":[{"href":"https:\/\/www.grandesetapes.com\/en\/wp-json\/wp\/v2\/pages\/38809","targetHints":{"allow":["GET"]}}],"collection":[{"href":"https:\/\/www.grandesetapes.com\/en\/wp-json\/wp\/v2\/pages"}],"about":[{"href":"https:\/\/www.grandesetapes.com\/en\/wp-json\/wp\/v2\/types\/page"}],"author":[{"embeddable":true,"href":"https:\/\/www.grandesetapes.com\/en\/wp-json\/wp\/v2\/users\/1"}],"replies":[{"embeddable":true,"href":"https:\/\/www.grandesetapes.com\/en\/wp-json\/wp\/v2\/comments?post=38809"}],"version-history":[{"count":34,"href":"https:\/\/www.grandesetapes.com\/en\/wp-json\/wp\/v2\/pages\/38809\/revisions"}],"predecessor-version":[{"id":41181,"href":"https:\/\/www.grandesetapes.com\/en\/wp-json\/wp\/v2\/pages\/38809\/revisions\/41181"}],"wp:attachment":[{"href":"https:\/\/www.grandesetapes.com\/en\/wp-json\/wp\/v2\/media?parent=38809"}],"curies":[{"name":"wp","href":"https:\/\/api.w.org\/{rel}","templated":true}]}}