{"id":36245,"date":"2020-02-11T10:22:24","date_gmt":"2020-02-11T09:22:24","guid":{"rendered":"https:\/\/www.grandesetapes.com\/?page_id=36245"},"modified":"2020-02-11T11:11:26","modified_gmt":"2020-02-11T10:11:26","slug":"sitemaps","status":"publish","type":"page","link":"https:\/\/www.grandesetapes.com\/en\/sitemaps\/","title":{"rendered":"Sitemaps"},"content":{"rendered":"<div class=\"fusion-fullwidth fullwidth-box fusion-builder-row-1 nonhundred-percent-fullwidth non-hundred-percent-height-scrolling fusion-equal-height-columns gradient-container-1\" style=\"--awb-border-radius-top-left:0px;--awb-border-radius-top-right:0px;--awb-border-radius-bottom-right:0px;--awb-border-radius-bottom-left:0px;--awb-padding-bottom:0px;--awb-margin-bottom:0px;--awb-flex-wrap:wrap;\" ><div class=\"fusion-builder-row fusion-row\"><div class=\"fusion-layout-column fusion_builder_column fusion-builder-column-0 fusion_builder_column_1_3 1_3 fusion-one-third fusion-column-first\" style=\"--awb-bg-size:cover;width:33.333333333333%;width:calc(33.333333333333% - ( ( 4% ) * 0.33333333333333 ) );margin-right: 4%;\"><div class=\"fusion-column-wrapper fusion-column-has-shadow fusion-flex-column-wrapper-legacy\"><div class=\"fusion-column-content-centered\"><div class=\"fusion-column-content\"><div class=\"fusion-title title fusion-title-1 fusion-sep-none fusion-title-highlight fusion-animate-loop fusion-highlight-underline fusion-title-size-three\" style=\"--awb-text-color:#997f00;--awb-highlight-width:5;--awb-margin-top-small:0px;--awb-margin-right-small:0px;--awb-margin-bottom-small:20px;--awb-margin-left-small:0px;--awb-font-size:30px;\" data-highlight=\"underline\"><h3 class=\"fusion-title-heading title-heading-right fusion-responsive-typography-calculated\" style=\"margin:0;font-size:1em;--fontSize:30;line-height:1.67;\"><span class=\"fusion-highlighted-text-prefix\"><\/span> <span class=\"fusion-highlighted-text-wrapper\"><span class=\"fusion-highlighted-text\">Sitemaps<\/span><svg xmlns=\"http:\/\/www.w3.org\/2000\/svg\" viewBox=\"0 0 500 150\" preserveAspectRatio=\"none\"><path d=\"M8.1,146.2c0,0,240.6-55.6,479-13.8\"><\/path><\/svg><\/span> <span class=\"fusion-highlighted-text-postfix\"><\/span><\/h3><\/div><\/div><\/div><div class=\"fusion-clearfix\"><\/div><\/div><\/div><div class=\"fusion-layout-column fusion_builder_column fusion-builder-column-1 fusion_builder_column_1_3 1_3 fusion-one-third fusion-column-last\" style=\"--awb-bg-size:cover;--awb-margin-top:0px;--awb-margin-bottom:0px;width:33.333333333333%;width:calc(33.333333333333% - ( ( 4% ) * 0.33333333333333 ) );\"><div class=\"fusion-column-wrapper fusion-column-has-shadow fusion-flex-column-wrapper-legacy\"><div class=\"fusion-column-content-centered\"><div class=\"fusion-column-content\"><div class=\"fusion-reading-box-container reading-box-container-1\" style=\"--awb-title-color:#535353;--awb-margin-top:0px;--awb-margin-bottom:30px;\"><div class=\"reading-box\" style=\"background-color:#f5f5f5;border-width:0px;border-color:#005b96;border-left-width:3px;border-left-color:var(--primary_color);border-style:solid;\"><div class=\"reading-box-additional\">\n<div class=\"wsp-container\"><ul class=\"wsp-pages-list\">\n<li class=\"page_item page-item-17508\"><a href=\"https:\/\/www.grandesetapes.com\/en\/\">Accueil<\/a><\/li>\n<li class=\"page_item page-item-17603\"><a href=\"https:\/\/www.grandesetapes.com\/en\/club-corner\/\">Club Corner<\/a><\/li>\n<li class=\"page_item page-item-42523\"><a href=\"https:\/\/www.grandesetapes.com\/en\/contact-news\/\">Contact Newsletter<\/a><\/li>\n<li class=\"page_item page-item-17375\"><a href=\"https:\/\/www.grandesetapes.com\/en\/contact-us\/\">Contact Us<\/a><\/li>\n<li class=\"page_item page-item-40991\"><a href=\"https:\/\/www.grandesetapes.com\/en\/gift\/\">Gift<\/a><\/li>\n<li class=\"page_item page-item-17761\"><a href=\"https:\/\/www.grandesetapes.com\/en\/legal-notice\/\">Legal notice<\/a><\/li>\n<li class=\"page_item page-item-17573\"><a href=\"https:\/\/www.grandesetapes.com\/en\/history\/\">Our history<\/a><\/li>\n<li class=\"page_item page-item-38877\"><a href=\"https:\/\/www.grandesetapes.com\/en\/from-the-sky\/\">Our hotels seen from the sky<\/a><\/li>\n<li class=\"page_item page-item-17580\"><a href=\"https:\/\/www.grandesetapes.com\/en\/press\/\">Press<\/a><\/li>\n<li class=\"page_item page-item-17747\"><a href=\"https:\/\/www.grandesetapes.com\/en\/registration-newsletter\/\">Registration newsletter<\/a><\/li>\n<li class=\"page_item page-item-38809\"><a href=\"https:\/\/www.grandesetapes.com\/en\/special-info\/\">Special information<\/a><\/li>\n<li class=\"page_item page-item-17717\"><a href=\"https:\/\/www.grandesetapes.com\/en\/agencies\/\">TO \/ Agencies<\/a><\/li>\n<li class=\"page_item page-item-17564\"><a href=\"https:\/\/www.grandesetapes.com\/en\/wedding\/\">Weddings<\/a><\/li>\n<\/ul>\n<\/div>\n<\/div><div class=\"fusion-clearfix\"><\/div><\/div><\/div><\/div><\/div><div class=\"fusion-clearfix\"><\/div><\/div><\/div><\/div><\/div>\n","protected":false},"excerpt":{"rendered":"","protected":false},"author":1,"featured_media":0,"parent":0,"menu_order":0,"comment_status":"closed","ping_status":"closed","template":"","meta":{"footnotes":""},"class_list":["post-36245","page","type-page","status-publish","hentry"],"yoast_head":"<!-- This site is optimized with the Yoast SEO Premium plugin v22.1 (Yoast SEO v27.4) - https:\/\/yoast.com\/product\/yoast-seo-premium-wordpress\/ -->\n<title>Sitemaps -<\/title>\n<meta name=\"robots\" content=\"index, follow, max-snippet:-1, max-image-preview:large, max-video-preview:-1\" \/>\n<link rel=\"canonical\" href=\"https:\/\/www.grandesetapes.com\/en\/sitemaps\/\" \/>\n<meta property=\"og:locale\" content=\"en_US\" \/>\n<meta property=\"og:type\" content=\"article\" \/>\n<meta property=\"og:title\" content=\"Sitemaps\" \/>\n<meta property=\"og:url\" content=\"https:\/\/www.grandesetapes.com\/en\/sitemaps\/\" \/>\n<meta property=\"og:site_name\" content=\"Chateaux h\u00f4tels Grandes \u00c9tapes Fran\u00e7aises\" \/>\n<meta property=\"article:publisher\" content=\"https:\/\/www.facebook.com\/chateauxhotels\/\" \/>\n<meta property=\"article:modified_time\" content=\"2020-02-11T10:11:26+00:00\" \/>\n<meta name=\"twitter:card\" content=\"summary_large_image\" \/>\n<meta name=\"twitter:label1\" content=\"Est. reading time\" \/>\n\t<meta name=\"twitter:data1\" content=\"3 minutes\" \/>\n<script type=\"application\/ld+json\" class=\"yoast-schema-graph\">{\"@context\":\"https:\\\/\\\/schema.org\",\"@graph\":[{\"@type\":\"WebPage\",\"@id\":\"https:\\\/\\\/www.grandesetapes.com\\\/en\\\/sitemaps\\\/\",\"url\":\"https:\\\/\\\/www.grandesetapes.com\\\/en\\\/sitemaps\\\/\",\"name\":\"Sitemaps -\",\"isPartOf\":{\"@id\":\"https:\\\/\\\/www.grandesetapes.com\\\/en\\\/#website\"},\"datePublished\":\"2020-02-11T09:22:24+00:00\",\"dateModified\":\"2020-02-11T10:11:26+00:00\",\"breadcrumb\":{\"@id\":\"https:\\\/\\\/www.grandesetapes.com\\\/en\\\/sitemaps\\\/#breadcrumb\"},\"inLanguage\":\"en-US\",\"potentialAction\":[{\"@type\":\"ReadAction\",\"target\":[\"https:\\\/\\\/www.grandesetapes.com\\\/en\\\/sitemaps\\\/\"]}]},{\"@type\":\"BreadcrumbList\",\"@id\":\"https:\\\/\\\/www.grandesetapes.com\\\/en\\\/sitemaps\\\/#breadcrumb\",\"itemListElement\":[{\"@type\":\"ListItem\",\"position\":1,\"name\":\"Accueil\",\"item\":\"https:\\\/\\\/www.grandesetapes.com\\\/en\\\/\"},{\"@type\":\"ListItem\",\"position\":2,\"name\":\"Sitemaps\"}]},{\"@type\":\"WebSite\",\"@id\":\"https:\\\/\\\/www.grandesetapes.com\\\/en\\\/#website\",\"url\":\"https:\\\/\\\/www.grandesetapes.com\\\/en\\\/\",\"name\":\"Chateaux h\u00f4tels Grandes \u00c9tapes Fran\u00e7aises\",\"description\":\"\",\"publisher\":{\"@id\":\"https:\\\/\\\/www.grandesetapes.com\\\/en\\\/#organization\"},\"potentialAction\":[{\"@type\":\"SearchAction\",\"target\":{\"@type\":\"EntryPoint\",\"urlTemplate\":\"https:\\\/\\\/www.grandesetapes.com\\\/en\\\/?s={search_term_string}\"},\"query-input\":{\"@type\":\"PropertyValueSpecification\",\"valueRequired\":true,\"valueName\":\"search_term_string\"}}],\"inLanguage\":\"en-US\"},{\"@type\":\"Organization\",\"@id\":\"https:\\\/\\\/www.grandesetapes.com\\\/en\\\/#organization\",\"name\":\"Grandes Etapes Fran\u00e7aises\",\"url\":\"https:\\\/\\\/www.grandesetapes.com\\\/en\\\/\",\"logo\":{\"@type\":\"ImageObject\",\"inLanguage\":\"en-US\",\"@id\":\"https:\\\/\\\/www.grandesetapes.com\\\/en\\\/#\\\/schema\\\/logo\\\/image\\\/\",\"url\":\"https:\\\/\\\/www.grandesetapes.com\\\/wp-content\\\/uploads\\\/Logos\\\/LOGO_GEF_2017_300.png\",\"contentUrl\":\"https:\\\/\\\/www.grandesetapes.com\\\/wp-content\\\/uploads\\\/Logos\\\/LOGO_GEF_2017_300.png\",\"width\":300,\"height\":150,\"caption\":\"Grandes Etapes Fran\u00e7aises\"},\"image\":{\"@id\":\"https:\\\/\\\/www.grandesetapes.com\\\/en\\\/#\\\/schema\\\/logo\\\/image\\\/\"},\"sameAs\":[\"https:\\\/\\\/www.facebook.com\\\/chateauxhotels\\\/\",\"https:\\\/\\\/www.instagram.com\\\/grandesetapesfrancaises\\\/\",\"https:\\\/\\\/www.linkedin.com\\\/company\\\/grandes-etapes-fran\u00e7aises\\\/\",\"https:\\\/\\\/www.youtube.com\\\/channel\\\/UCTN5vEXibunCwDsWR30tiGg\"]}]}<\/script>\n<!-- \/ Yoast SEO Premium plugin. -->","yoast_head_json":{"title":"Sitemaps -","robots":{"index":"index","follow":"follow","max-snippet":"max-snippet:-1","max-image-preview":"max-image-preview:large","max-video-preview":"max-video-preview:-1"},"canonical":"https:\/\/www.grandesetapes.com\/en\/sitemaps\/","og_locale":"en_US","og_type":"article","og_title":"Sitemaps","og_url":"https:\/\/www.grandesetapes.com\/en\/sitemaps\/","og_site_name":"Chateaux h\u00f4tels Grandes \u00c9tapes Fran\u00e7aises","article_publisher":"https:\/\/www.facebook.com\/chateauxhotels\/","article_modified_time":"2020-02-11T10:11:26+00:00","twitter_card":"summary_large_image","twitter_misc":{"Est. reading time":"3 minutes"},"schema":{"@context":"https:\/\/schema.org","@graph":[{"@type":"WebPage","@id":"https:\/\/www.grandesetapes.com\/en\/sitemaps\/","url":"https:\/\/www.grandesetapes.com\/en\/sitemaps\/","name":"Sitemaps -","isPartOf":{"@id":"https:\/\/www.grandesetapes.com\/en\/#website"},"datePublished":"2020-02-11T09:22:24+00:00","dateModified":"2020-02-11T10:11:26+00:00","breadcrumb":{"@id":"https:\/\/www.grandesetapes.com\/en\/sitemaps\/#breadcrumb"},"inLanguage":"en-US","potentialAction":[{"@type":"ReadAction","target":["https:\/\/www.grandesetapes.com\/en\/sitemaps\/"]}]},{"@type":"BreadcrumbList","@id":"https:\/\/www.grandesetapes.com\/en\/sitemaps\/#breadcrumb","itemListElement":[{"@type":"ListItem","position":1,"name":"Accueil","item":"https:\/\/www.grandesetapes.com\/en\/"},{"@type":"ListItem","position":2,"name":"Sitemaps"}]},{"@type":"WebSite","@id":"https:\/\/www.grandesetapes.com\/en\/#website","url":"https:\/\/www.grandesetapes.com\/en\/","name":"Chateaux h\u00f4tels Grandes \u00c9tapes Fran\u00e7aises","description":"","publisher":{"@id":"https:\/\/www.grandesetapes.com\/en\/#organization"},"potentialAction":[{"@type":"SearchAction","target":{"@type":"EntryPoint","urlTemplate":"https:\/\/www.grandesetapes.com\/en\/?s={search_term_string}"},"query-input":{"@type":"PropertyValueSpecification","valueRequired":true,"valueName":"search_term_string"}}],"inLanguage":"en-US"},{"@type":"Organization","@id":"https:\/\/www.grandesetapes.com\/en\/#organization","name":"Grandes Etapes Fran\u00e7aises","url":"https:\/\/www.grandesetapes.com\/en\/","logo":{"@type":"ImageObject","inLanguage":"en-US","@id":"https:\/\/www.grandesetapes.com\/en\/#\/schema\/logo\/image\/","url":"https:\/\/www.grandesetapes.com\/wp-content\/uploads\/Logos\/LOGO_GEF_2017_300.png","contentUrl":"https:\/\/www.grandesetapes.com\/wp-content\/uploads\/Logos\/LOGO_GEF_2017_300.png","width":300,"height":150,"caption":"Grandes Etapes Fran\u00e7aises"},"image":{"@id":"https:\/\/www.grandesetapes.com\/en\/#\/schema\/logo\/image\/"},"sameAs":["https:\/\/www.facebook.com\/chateauxhotels\/","https:\/\/www.instagram.com\/grandesetapesfrancaises\/","https:\/\/www.linkedin.com\/company\/grandes-etapes-fran\u00e7aises\/","https:\/\/www.youtube.com\/channel\/UCTN5vEXibunCwDsWR30tiGg"]}]}},"_links":{"self":[{"href":"https:\/\/www.grandesetapes.com\/en\/wp-json\/wp\/v2\/pages\/36245","targetHints":{"allow":["GET"]}}],"collection":[{"href":"https:\/\/www.grandesetapes.com\/en\/wp-json\/wp\/v2\/pages"}],"about":[{"href":"https:\/\/www.grandesetapes.com\/en\/wp-json\/wp\/v2\/types\/page"}],"author":[{"embeddable":true,"href":"https:\/\/www.grandesetapes.com\/en\/wp-json\/wp\/v2\/users\/1"}],"replies":[{"embeddable":true,"href":"https:\/\/www.grandesetapes.com\/en\/wp-json\/wp\/v2\/comments?post=36245"}],"version-history":[{"count":5,"href":"https:\/\/www.grandesetapes.com\/en\/wp-json\/wp\/v2\/pages\/36245\/revisions"}],"predecessor-version":[{"id":36270,"href":"https:\/\/www.grandesetapes.com\/en\/wp-json\/wp\/v2\/pages\/36245\/revisions\/36270"}],"wp:attachment":[{"href":"https:\/\/www.grandesetapes.com\/en\/wp-json\/wp\/v2\/media?parent=36245"}],"curies":[{"name":"wp","href":"https:\/\/api.w.org\/{rel}","templated":true}]}}