{"id":17508,"date":"2019-01-29T14:39:59","date_gmt":"2019-01-29T13:39:59","guid":{"rendered":"https:\/\/www.grandes-etapes.fr\/?page_id=17508"},"modified":"2025-08-28T11:26:06","modified_gmt":"2025-08-28T09:26:06","slug":"accueil","status":"publish","type":"page","link":"https:\/\/www.grandesetapes.com\/en\/","title":{"rendered":"Accueil"},"content":{"rendered":"<div class=\"fusion-fullwidth fullwidth-box fusion-builder-row-1 nonhundred-percent-fullwidth non-hundred-percent-height-scrolling gradient-container-1\" style=\"--awb-background-position:left top;--awb-border-sizes-top:0px;--awb-border-sizes-bottom:0px;--awb-border-sizes-left:0px;--awb-border-sizes-right:0px;--awb-border-color:#f7f7f7;--awb-border-radius-top-left:0px;--awb-border-radius-top-right:0px;--awb-border-radius-bottom-right:0px;--awb-border-radius-bottom-left:0px;--awb-flex-wrap:wrap;\" ><div class=\"fusion-builder-row fusion-row\"><div class=\"fusion-layout-column fusion_builder_column fusion-builder-column-0 fusion_builder_column_1_2 1_2 fusion-one-half fusion-column-first\" style=\"--awb-padding-top:10px;--awb-padding-right:10px;--awb-padding-bottom:10px;--awb-padding-left:10px;--awb-padding-top-medium:20px;--awb-padding-right-medium:20px;--awb-padding-bottom-medium:30px;--awb-padding-left-medium:20px;--awb-bg-color:#ffffff;--awb-bg-color-hover:#ffffff;--awb-bg-position:center center;--awb-bg-blend:darken;--awb-bg-size:cover;--awb-box-shadow:0px 12px 32px -10px rgba(0,0,0,0.1);;--awb-transition:filter 0ms ease, transform 0ms ease, background-color 0ms ease, border-color 0ms ease;--awb-border-color:rgba(0,0,0,0.05);--awb-border-right:1px;--awb-border-bottom:1px;--awb-border-left:1px;--awb-border-style:solid;--awb-filter:opacity(93%);--awb-filter-transition:filter 0.3s ease;--awb-filter-hover:opacity(100%);--awb-margin-bottom:0px;width:50%;width:calc(50% - ( ( 4% ) * 0.5 ) );margin-right: 4%;\" data-scroll-devices=\"small-visibility,medium-visibility,large-visibility\"><div class=\"fusion-column-wrapper fusion-column-has-shadow fusion-flex-column-wrapper-legacy\"><div class=\"fusion-image-element fusion-image-align-center in-legacy-container\" style=\"text-align:center;--awb-caption-title-font-family:var(--h2_typography-font-family);--awb-caption-title-font-weight:var(--h2_typography-font-weight);--awb-caption-title-font-style:var(--h2_typography-font-style);--awb-caption-title-size:var(--h2_typography-font-size);--awb-caption-title-transform:var(--h2_typography-text-transform);--awb-caption-title-line-height:var(--h2_typography-line-height);--awb-caption-title-letter-spacing:var(--h2_typography-letter-spacing);\"><div class=\"imageframe-align-center\"><span class=\" fusion-imageframe imageframe-none imageframe-1 hover-type-none\"><img decoding=\"async\" width=\"800\" height=\"432\" alt=\"hotel Burgundy wine road\" title=\"chateau-gilly-exterieur_1019_2-1536&#215;829.jpg\" src=\"https:\/\/www.grandesetapes.com\/wp-content\/uploads\/revslider\/GEF\/chateau-gilly-exterieur_1019_2-1536x829-800x432.jpg\" class=\"img-responsive wp-image-39221\" srcset=\"https:\/\/www.grandesetapes.com\/wp-content\/uploads\/revslider\/GEF\/chateau-gilly-exterieur_1019_2-1536x829-800x432.jpg 800w, https:\/\/www.grandesetapes.com\/wp-content\/uploads\/revslider\/GEF\/chateau-gilly-exterieur_1019_2-1536x829.jpg 1536w\" sizes=\"(max-width: 800px) 100vw, 800px\" \/><\/span><\/div><\/div><div class=\"fusion-title title fusion-title-1 fusion-sep-none fusion-title-center fusion-title-text fusion-title-size-two\" style=\"--awb-text-color:#997f00;--awb-margin-top:10px;--awb-margin-bottom:5px;--awb-margin-top-small:10px;--awb-margin-right-small:0px;--awb-margin-bottom-small:10px;--awb-margin-left-small:0px;--awb-font-size:18px;\"><h2 class=\"fusion-title-heading title-heading-center fusion-responsive-typography-calculated\" style=\"margin:0;font-size:1em;--fontSize:18;--minFontSize:18;line-height:1.69;\">Castle-hotel in Burgundy<\/h2><\/div><div class=\"fusion-text fusion-text-1\" style=\"--awb-font-size:13.5px;--awb-letter-spacing:-0.7px;\"><p style=\"text-align: justify\">Surrounded by the great wines of Burgundy \u2013 near Pommard, Vougeot. <strong>Les Sources de Vougeot. Reopening spring 2026<\/strong><\/p>\n<\/div><div class=\"fusion-alignright\"><a class=\"fusion-button button-flat fusion-button-default-size button-custom fusion-button-default button-1 fusion-button-default-span fusion-button-default-type fusion-has-button-gradient\" style=\"--button_accent_color:#ffffff;--button_accent_hover_color:#ffffff;--button_border_hover_color:#ffffff;--button_gradient_top_color:#997f00;--button_gradient_bottom_color:rgba(153,127,0,0.89);--button_gradient_top_color_hover:rgba(153,127,0,0.62);--button_gradient_bottom_color_hover:rgba(153,127,0,0.6);\" target=\"_self\" href=\"https:\/\/www.sources-hotels.com\/bourgogne\/en\/\"><span class=\"fusion-button-text awb-button__text awb-button__text--default\">Les Sources de Vougeot<\/span><i class=\"fa-plus fas awb-button__icon awb-button__icon--default button-icon-right\" aria-hidden=\"true\"><\/i><\/a><\/div><div class=\"fusion-clearfix\"><\/div><\/div><\/div><div class=\"fusion-layout-column fusion_builder_column fusion-builder-column-1 fusion_builder_column_1_2 1_2 fusion-one-half fusion-column-last\" style=\"--awb-padding-top:10px;--awb-padding-right:10px;--awb-padding-bottom:10px;--awb-padding-left:10px;--awb-padding-top-medium:20px;--awb-padding-right-medium:20px;--awb-padding-bottom-medium:30px;--awb-padding-left-medium:20px;--awb-bg-color:#ffffff;--awb-bg-color-hover:#ffffff;--awb-bg-position:center center;--awb-bg-blend:darken;--awb-bg-size:cover;--awb-box-shadow:0px 12px 32px -10px rgba(0,0,0,0.1);;--awb-transition:filter 0ms ease, transform 0ms ease, background-color 0ms ease, border-color 0ms ease;--awb-border-color:rgba(0,0,0,0.05);--awb-border-right:1px;--awb-border-bottom:1px;--awb-border-left:1px;--awb-border-style:solid;--awb-filter:opacity(93%);--awb-filter-transition:filter 0.3s ease;--awb-filter-hover:opacity(100%);--awb-margin-bottom:0px;width:50%;width:calc(50% - ( ( 4% ) * 0.5 ) );\" data-scroll-devices=\"small-visibility,medium-visibility,large-visibility\"><div class=\"fusion-column-wrapper fusion-column-has-shadow fusion-flex-column-wrapper-legacy\"><div class=\"fusion-image-element fusion-image-align-center in-legacy-container\" style=\"text-align:center;--awb-caption-title-font-family:var(--h2_typography-font-family);--awb-caption-title-font-weight:var(--h2_typography-font-weight);--awb-caption-title-font-style:var(--h2_typography-font-style);--awb-caption-title-size:var(--h2_typography-font-size);--awb-caption-title-transform:var(--h2_typography-text-transform);--awb-caption-title-line-height:var(--h2_typography-line-height);--awb-caption-title-letter-spacing:var(--h2_typography-letter-spacing);\"><div class=\"imageframe-align-center\"><span class=\" fusion-imageframe imageframe-none imageframe-2 hover-type-none\"><img decoding=\"async\" width=\"600\" height=\"326\" alt=\"Ch\u00e2teau d\u2019Isenbourg &amp; Spa Alsace, on the wine road\" src=\"https:\/\/www.grandesetapes.com\/wp-content\/uploads\/2000x\/Isenbourg\/isenbourg-55-md-1-600x326.jpg\" class=\"img-responsive wp-image-16827\" srcset=\"https:\/\/www.grandesetapes.com\/wp-content\/uploads\/2000x\/Isenbourg\/isenbourg-55-md-1-200x109.jpg 200w, https:\/\/www.grandesetapes.com\/wp-content\/uploads\/2000x\/Isenbourg\/isenbourg-55-md-1-400x217.jpg 400w, https:\/\/www.grandesetapes.com\/wp-content\/uploads\/2000x\/Isenbourg\/isenbourg-55-md-1-600x326.jpg 600w, https:\/\/www.grandesetapes.com\/wp-content\/uploads\/2000x\/Isenbourg\/isenbourg-55-md-1-800x434.jpg 800w, https:\/\/www.grandesetapes.com\/wp-content\/uploads\/2000x\/Isenbourg\/isenbourg-55-md-1-1200x651.jpg 1200w\" sizes=\"(max-width: 800px) 100vw, 600px\" \/><\/span><\/div><\/div><div class=\"fusion-title title fusion-title-2 fusion-sep-none fusion-title-center fusion-title-text fusion-title-size-two\" style=\"--awb-text-color:#997f00;--awb-margin-top:10px;--awb-margin-bottom:5px;--awb-margin-top-small:10px;--awb-margin-right-small:0px;--awb-margin-bottom-small:10px;--awb-margin-left-small:0px;--awb-font-size:18px;\"><h2 class=\"fusion-title-heading title-heading-center fusion-responsive-typography-calculated\" style=\"margin:0;font-size:1em;--fontSize:18;--minFontSize:18;line-height:1.69;\">Alsace, on the wine road<\/h2><\/div><div class=\"fusion-text fusion-text-2\" style=\"--awb-font-size:13.5px;\"><p style=\"text-align: justify\">Charming hotel &amp; Spa located on the alsatian wine road, near Colmar. Panoramic view. \u00a0<strong>Closed for renovation. Reopening 2027<\/strong><\/p>\n<\/div><div class=\"fusion-alignright\"><a class=\"fusion-button button-flat fusion-button-default-size button-custom fusion-button-default button-2 fusion-button-default-span fusion-button-default-type fusion-has-button-gradient\" style=\"--button_accent_color:#ffffff;--button_accent_hover_color:#ffffff;--button_border_hover_color:#ffffff;--button_gradient_top_color:#997f00;--button_gradient_bottom_color:rgba(153,127,0,0.89);--button_gradient_top_color_hover:rgba(153,127,0,0.62);--button_gradient_bottom_color_hover:rgba(153,127,0,0.6);\" target=\"_blank\" rel=\"noopener noreferrer\" href=\"https:\/\/www.grandesetapes.com\/chateau-hotel-isenbourg-alsace\/en\"><span class=\"fusion-button-text awb-button__text awb-button__text--default\">Ch\u00e2teau d&#8217;Isenbourg<\/span><i class=\"fa-plus fas awb-button__icon awb-button__icon--default button-icon-right\" aria-hidden=\"true\"><\/i><\/a><\/div><div class=\"fusion-clearfix\"><\/div><\/div><\/div><\/div><\/div>\n","protected":false},"excerpt":{"rendered":"","protected":false},"author":1,"featured_media":0,"parent":0,"menu_order":0,"comment_status":"open","ping_status":"open","template":"100-width.php","meta":{"footnotes":""},"class_list":["post-17508","page","type-page","status-publish","hentry"],"yoast_head":"<!-- This site is optimized with the Yoast SEO Premium plugin v22.1 (Yoast SEO v27.1.1) - https:\/\/yoast.com\/product\/yoast-seo-premium-wordpress\/ -->\n<title>Chateaux hotels in France - group of castles hotels 4 &amp; 5 stars<\/title>\n<meta name=\"description\" content=\"SITE OFFICIEL chateaux hotels de charme en France : chateaux hotels 4 et 5 \u00e9toiles Alsace, Bourgogne, Val de Loire. R\u00e9servez en direct\" \/>\n<meta name=\"robots\" content=\"index, follow, max-snippet:-1, max-image-preview:large, max-video-preview:-1\" \/>\n<link rel=\"canonical\" href=\"https:\/\/www.grandesetapes.com\/en\/\" \/>\n<meta property=\"og:locale\" content=\"en_US\" \/>\n<meta property=\"og:type\" content=\"article\" \/>\n<meta property=\"og:title\" content=\"Accueil\" \/>\n<meta property=\"og:description\" content=\"Site Officiel - Ch\u00e2teau h\u00f4tels 4 et 5* de charme en France. En Alsace, Bourgogne et dans le Val de Loire.\" \/>\n<meta property=\"og:url\" content=\"https:\/\/www.grandesetapes.com\/en\/\" \/>\n<meta property=\"og:site_name\" content=\"Chateaux h\u00f4tels Grandes \u00c9tapes Fran\u00e7aises\" \/>\n<meta property=\"article:publisher\" content=\"https:\/\/www.facebook.com\/chateauxhotels\/\" \/>\n<meta property=\"article:modified_time\" content=\"2025-08-28T09:26:06+00:00\" \/>\n<meta property=\"og:image\" content=\"https:\/\/www.grandesetapes.com\/wp-content\/uploads\/2000x\/Artigny\/artigny_ext_2019.jpg\" \/>\n<meta name=\"twitter:card\" content=\"summary_large_image\" \/>\n<meta name=\"twitter:label1\" content=\"Est. reading time\" \/>\n\t<meta name=\"twitter:data1\" content=\"7 minutes\" \/>\n<script type=\"application\/ld+json\" class=\"yoast-schema-graph\">{\"@context\":\"https:\/\/schema.org\",\"@graph\":[{\"@type\":\"WebPage\",\"@id\":\"https:\/\/www.grandesetapes.com\/en\/\",\"url\":\"https:\/\/www.grandesetapes.com\/en\/\",\"name\":\"Chateaux hotels in France - group of castles hotels 4 & 5 stars\",\"isPartOf\":{\"@id\":\"https:\/\/www.grandesetapes.com\/en\/#website\"},\"datePublished\":\"2019-01-29T13:39:59+00:00\",\"dateModified\":\"2025-08-28T09:26:06+00:00\",\"description\":\"SITE OFFICIEL chateaux hotels de charme en France : chateaux hotels 4 et 5 \u00e9toiles Alsace, Bourgogne, Val de Loire. R\u00e9servez en direct\",\"breadcrumb\":{\"@id\":\"https:\/\/www.grandesetapes.com\/en\/#breadcrumb\"},\"inLanguage\":\"en-US\",\"potentialAction\":[{\"@type\":\"ReadAction\",\"target\":[\"https:\/\/www.grandesetapes.com\/en\/\"]}]},{\"@type\":\"BreadcrumbList\",\"@id\":\"https:\/\/www.grandesetapes.com\/en\/#breadcrumb\",\"itemListElement\":[{\"@type\":\"ListItem\",\"position\":1,\"name\":\"Accueil\",\"item\":\"https:\/\/www.grandesetapes.com\/en\/\"},{\"@type\":\"ListItem\",\"position\":2,\"name\":\"Accueil\"}]},{\"@type\":\"WebSite\",\"@id\":\"https:\/\/www.grandesetapes.com\/en\/#website\",\"url\":\"https:\/\/www.grandesetapes.com\/en\/\",\"name\":\"Chateaux h\u00f4tels Grandes \u00c9tapes Fran\u00e7aises\",\"description\":\"\",\"publisher\":{\"@id\":\"https:\/\/www.grandesetapes.com\/en\/#organization\"},\"potentialAction\":[{\"@type\":\"SearchAction\",\"target\":{\"@type\":\"EntryPoint\",\"urlTemplate\":\"https:\/\/www.grandesetapes.com\/en\/?s={search_term_string}\"},\"query-input\":{\"@type\":\"PropertyValueSpecification\",\"valueRequired\":true,\"valueName\":\"search_term_string\"}}],\"inLanguage\":\"en-US\"},{\"@type\":\"Organization\",\"@id\":\"https:\/\/www.grandesetapes.com\/en\/#organization\",\"name\":\"Grandes Etapes Fran\u00e7aises\",\"url\":\"https:\/\/www.grandesetapes.com\/en\/\",\"logo\":{\"@type\":\"ImageObject\",\"inLanguage\":\"en-US\",\"@id\":\"https:\/\/www.grandesetapes.com\/en\/#\/schema\/logo\/image\/\",\"url\":\"https:\/\/www.grandesetapes.com\/wp-content\/uploads\/Logos\/LOGO_GEF_2017_300.png\",\"contentUrl\":\"https:\/\/www.grandesetapes.com\/wp-content\/uploads\/Logos\/LOGO_GEF_2017_300.png\",\"width\":300,\"height\":150,\"caption\":\"Grandes Etapes Fran\u00e7aises\"},\"image\":{\"@id\":\"https:\/\/www.grandesetapes.com\/en\/#\/schema\/logo\/image\/\"},\"sameAs\":[\"https:\/\/www.facebook.com\/chateauxhotels\/\",\"https:\/\/www.instagram.com\/grandesetapesfrancaises\/\",\"https:\/\/www.linkedin.com\/company\/grandes-etapes-fran\u00e7aises\/\",\"https:\/\/www.youtube.com\/channel\/UCTN5vEXibunCwDsWR30tiGg\"]}]}<\/script>\n<!-- \/ Yoast SEO Premium plugin. -->","yoast_head_json":{"title":"Chateaux hotels in France - group of castles hotels 4 & 5 stars","description":"SITE OFFICIEL chateaux hotels de charme en France : chateaux hotels 4 et 5 \u00e9toiles Alsace, Bourgogne, Val de Loire. R\u00e9servez en direct","robots":{"index":"index","follow":"follow","max-snippet":"max-snippet:-1","max-image-preview":"max-image-preview:large","max-video-preview":"max-video-preview:-1"},"canonical":"https:\/\/www.grandesetapes.com\/en\/","og_locale":"en_US","og_type":"article","og_title":"Accueil","og_description":"Site Officiel - Ch\u00e2teau h\u00f4tels 4 et 5* de charme en France. En Alsace, Bourgogne et dans le Val de Loire.","og_url":"https:\/\/www.grandesetapes.com\/en\/","og_site_name":"Chateaux h\u00f4tels Grandes \u00c9tapes Fran\u00e7aises","article_publisher":"https:\/\/www.facebook.com\/chateauxhotels\/","article_modified_time":"2025-08-28T09:26:06+00:00","og_image":[{"url":"https:\/\/www.grandesetapes.com\/wp-content\/uploads\/2000x\/Artigny\/artigny_ext_2019.jpg","type":"","width":"","height":""}],"twitter_card":"summary_large_image","twitter_misc":{"Est. reading time":"7 minutes"},"schema":{"@context":"https:\/\/schema.org","@graph":[{"@type":"WebPage","@id":"https:\/\/www.grandesetapes.com\/en\/","url":"https:\/\/www.grandesetapes.com\/en\/","name":"Chateaux hotels in France - group of castles hotels 4 & 5 stars","isPartOf":{"@id":"https:\/\/www.grandesetapes.com\/en\/#website"},"datePublished":"2019-01-29T13:39:59+00:00","dateModified":"2025-08-28T09:26:06+00:00","description":"SITE OFFICIEL chateaux hotels de charme en France : chateaux hotels 4 et 5 \u00e9toiles Alsace, Bourgogne, Val de Loire. R\u00e9servez en direct","breadcrumb":{"@id":"https:\/\/www.grandesetapes.com\/en\/#breadcrumb"},"inLanguage":"en-US","potentialAction":[{"@type":"ReadAction","target":["https:\/\/www.grandesetapes.com\/en\/"]}]},{"@type":"BreadcrumbList","@id":"https:\/\/www.grandesetapes.com\/en\/#breadcrumb","itemListElement":[{"@type":"ListItem","position":1,"name":"Accueil","item":"https:\/\/www.grandesetapes.com\/en\/"},{"@type":"ListItem","position":2,"name":"Accueil"}]},{"@type":"WebSite","@id":"https:\/\/www.grandesetapes.com\/en\/#website","url":"https:\/\/www.grandesetapes.com\/en\/","name":"Chateaux h\u00f4tels Grandes \u00c9tapes Fran\u00e7aises","description":"","publisher":{"@id":"https:\/\/www.grandesetapes.com\/en\/#organization"},"potentialAction":[{"@type":"SearchAction","target":{"@type":"EntryPoint","urlTemplate":"https:\/\/www.grandesetapes.com\/en\/?s={search_term_string}"},"query-input":{"@type":"PropertyValueSpecification","valueRequired":true,"valueName":"search_term_string"}}],"inLanguage":"en-US"},{"@type":"Organization","@id":"https:\/\/www.grandesetapes.com\/en\/#organization","name":"Grandes Etapes Fran\u00e7aises","url":"https:\/\/www.grandesetapes.com\/en\/","logo":{"@type":"ImageObject","inLanguage":"en-US","@id":"https:\/\/www.grandesetapes.com\/en\/#\/schema\/logo\/image\/","url":"https:\/\/www.grandesetapes.com\/wp-content\/uploads\/Logos\/LOGO_GEF_2017_300.png","contentUrl":"https:\/\/www.grandesetapes.com\/wp-content\/uploads\/Logos\/LOGO_GEF_2017_300.png","width":300,"height":150,"caption":"Grandes Etapes Fran\u00e7aises"},"image":{"@id":"https:\/\/www.grandesetapes.com\/en\/#\/schema\/logo\/image\/"},"sameAs":["https:\/\/www.facebook.com\/chateauxhotels\/","https:\/\/www.instagram.com\/grandesetapesfrancaises\/","https:\/\/www.linkedin.com\/company\/grandes-etapes-fran\u00e7aises\/","https:\/\/www.youtube.com\/channel\/UCTN5vEXibunCwDsWR30tiGg"]}]}},"_links":{"self":[{"href":"https:\/\/www.grandesetapes.com\/en\/wp-json\/wp\/v2\/pages\/17508","targetHints":{"allow":["GET"]}}],"collection":[{"href":"https:\/\/www.grandesetapes.com\/en\/wp-json\/wp\/v2\/pages"}],"about":[{"href":"https:\/\/www.grandesetapes.com\/en\/wp-json\/wp\/v2\/types\/page"}],"author":[{"embeddable":true,"href":"https:\/\/www.grandesetapes.com\/en\/wp-json\/wp\/v2\/users\/1"}],"replies":[{"embeddable":true,"href":"https:\/\/www.grandesetapes.com\/en\/wp-json\/wp\/v2\/comments?post=17508"}],"version-history":[{"count":69,"href":"https:\/\/www.grandesetapes.com\/en\/wp-json\/wp\/v2\/pages\/17508\/revisions"}],"predecessor-version":[{"id":42676,"href":"https:\/\/www.grandesetapes.com\/en\/wp-json\/wp\/v2\/pages\/17508\/revisions\/42676"}],"wp:attachment":[{"href":"https:\/\/www.grandesetapes.com\/en\/wp-json\/wp\/v2\/media?parent=17508"}],"curies":[{"name":"wp","href":"https:\/\/api.w.org\/{rel}","templated":true}]}}