{"id":17778,"date":"2019-01-30T12:05:10","date_gmt":"2019-01-30T11:05:10","guid":{"rendered":"https:\/\/www.grandes-etapes.fr\/?page_id=17778"},"modified":"2023-05-25T15:43:44","modified_gmt":"2023-05-25T13:43:44","slug":"reisebueros","status":"publish","type":"page","link":"https:\/\/www.grandesetapes.com\/de\/reisebueros\/","title":{"rendered":"Reiseb\u00fcros"},"content":{"rendered":"<p><div class=\"fusion-fullwidth fullwidth-box fusion-builder-row-1 nonhundred-percent-fullwidth non-hundred-percent-height-scrolling fusion-equal-height-columns gradient-container-1\" style=\"--awb-background-position:left top;--awb-border-sizes-top:0px;--awb-border-sizes-bottom:0px;--awb-border-sizes-left:0px;--awb-border-sizes-right:0px;--awb-border-radius-top-left:0px;--awb-border-radius-top-right:0px;--awb-border-radius-bottom-right:0px;--awb-border-radius-bottom-left:0px;--awb-padding-top:0px;--awb-padding-bottom:0px;--awb-margin-top:0px;--awb-margin-bottom:0px;--awb-flex-wrap:wrap;\" ><div class=\"fusion-builder-row fusion-row\"><div class=\"fusion-layout-column fusion_builder_column fusion-builder-column-0 fusion_builder_column_2_5 2_5 fusion-two-fifth fusion-column-first\" style=\"--awb-bg-image:url(&#039;https:\/\/www.grandesetapes.com\/wp-content\/uploads\/2000x\/Gilly\/cht-de-gilly-101-md_2000-600x900.jpg&#039;);--awb-bg-position:center center;--awb-bg-blend:overlay;--awb-bg-size:cover;\"><div class=\"fusion-column-wrapper fusion-flex-column-wrapper-legacy fusion-empty-column-bg-image fusion-column-has-bg-image\" data-bg-url=\"https:\/\/www.grandesetapes.com\/wp-content\/uploads\/2000x\/Gilly\/cht-de-gilly-101-md_2000-600x900.jpg\"><img decoding=\"async\" class=\"fusion-empty-dims-img-placeholder fusion-no-large-visibility\" aria-label=\"cht de gilly 101 md_2000\" src=\"data:image\/svg+xml,%3Csvg%20xmlns%3D%27http%3A%2F%2Fwww.w3.org%2F2000%2Fsvg%27%20width%3D%27600%27%20height%3D%27900%27%20viewBox%3D%270%200%20600%20900%27%3E%3Crect%20width%3D%27600%27%20height%3D%27900%27%20fill-opacity%3D%220%22%2F%3E%3C%2Fsvg%3E\"><div class=\"fusion-clearfix\"><\/div><\/div><\/div><div class=\"fusion-layout-column fusion_builder_column fusion-builder-column-1 fusion_builder_column_3_5 3_5 fusion-three-fifth fusion-column-last\" style=\"--awb-padding-top:40px;--awb-padding-bottom:40px;--awb-padding-left:40px;--awb-bg-color:#ffffff;--awb-bg-color-hover:#ffffff;--awb-bg-size:cover;\"><div class=\"fusion-column-wrapper fusion-flex-column-wrapper-legacy\"><div class=\"fusion-title title fusion-title-1 fusion-sep-none fusion-title-center fusion-title-text fusion-title-size-two\" style=\"--awb-margin-top:-20px;--awb-margin-bottom:0px;--awb-margin-top-small:0px;--awb-margin-right-small:0px;--awb-margin-bottom-small:20px;--awb-margin-left-small:0px;--awb-sep-color:#997f00;\"><h2 class=\"fusion-title-heading title-heading-center fusion-responsive-typography-calculated\" style=\"margin:0;--fontSize:26;line-height:1.69;\"><p style=\"text-align: left\"><span style=\"font-size: 18pt\"><em><span style=\"color: #997f00\">For individuals bookings &#8211; for reservation up to 10 rooms <\/span><\/em><\/span><\/p><\/h2><\/div><div class=\"fusion-sep-clear\"><\/div><div class=\"fusion-separator fusion-full-width-sep\" style=\"margin-left: auto;margin-right: auto;margin-top:10px;margin-bottom:10px;width:100%;\"><\/div><div class=\"fusion-sep-clear\"><\/div><div class=\"fusion-text fusion-text-1\"><p>You can use our online booking system. You will benefit from availabilities in real time and best rates. On the booking steps, fill the comment section with your IATA number to be sure to receive your commission. Our sales team is at your disposal for any questions on our hotels. Do not forget to subscribe to our newsletter, to receive our lastest news (theme evenings, new packages&#8230;)<\/p>\n<\/div><div class=\"fusion-sep-clear\"><\/div><div class=\"fusion-separator fusion-full-width-sep\" style=\"margin-left: auto;margin-right: auto;margin-top:10px;margin-bottom:10px;width:100%;\"><\/div><div class=\"fusion-sep-clear\"><\/div><div class=\"fusion-title title fusion-title-2 fusion-sep-none fusion-title-center fusion-title-text fusion-title-size-two\" style=\"--awb-margin-top:-20px;--awb-margin-bottom:0px;--awb-margin-top-small:0px;--awb-margin-right-small:0px;--awb-margin-bottom-small:20px;--awb-margin-left-small:0px;--awb-sep-color:#997f00;\"><h2 class=\"fusion-title-heading title-heading-center fusion-responsive-typography-calculated\" style=\"margin:0;--fontSize:26;line-height:1.69;\"><p style=\"text-align: left\"><span style=\"font-size: 18pt\"><em><span style=\"color: #997f00\">For group bookings &#8211; for reservations of minimum 10 rooms <\/span><\/em><\/span><\/p><\/h2><\/div><div class=\"fusion-text fusion-text-2\"><p style=\"text-align: justify\">In each hotel, we have a team dedicated for group enquiries. Depending on your project, they will send you a proposal with accommodations, meals, visits ideas, suggestions for the transfer. Below, find information about group capacities, download the group information sheet and contact the hotel sales team<\/p>\n<\/div><div class=\"fusion-clearfix\"><\/div><\/div><\/div><\/div><\/div><div class=\"fusion-fullwidth fullwidth-box fusion-builder-row-2 nonhundred-percent-fullwidth non-hundred-percent-height-scrolling fusion-equal-height-columns gradient-container-2\" style=\"--awb-background-position:left top;--awb-border-sizes-top:0px;--awb-border-sizes-bottom:0px;--awb-border-sizes-left:0px;--awb-border-sizes-right:0px;--awb-border-radius-top-left:0px;--awb-border-radius-top-right:0px;--awb-border-radius-bottom-right:0px;--awb-border-radius-bottom-left:0px;--awb-padding-top:0px;--awb-padding-bottom:0px;--awb-margin-top:10px;--awb-margin-bottom:-20px;--awb-flex-wrap:wrap;\" ><div class=\"fusion-builder-row fusion-row\"><div class=\"fusion-layout-column fusion_builder_column fusion-builder-column-2 fusion_builder_column_1_1 1_1 fusion-one-full fusion-column-first fusion-column-last\" style=\"--awb-bg-blend:overlay;--awb-bg-size:cover;\"><div class=\"fusion-column-wrapper fusion-flex-column-wrapper-legacy\"><div class=\"fusion-title title fusion-title-3 fusion-sep-none fusion-title-center fusion-title-text fusion-title-size-two\" style=\"--awb-margin-bottom:20px;--awb-margin-top-small:0px;--awb-margin-right-small:0px;--awb-margin-bottom-small:20px;--awb-margin-left-small:0px;--awb-sep-color:#997f00;\"><h2 class=\"fusion-title-heading title-heading-center fusion-responsive-typography-calculated\" style=\"margin:0;--fontSize:26;line-height:1.69;\"><p style=\"text-align: center\"><span style=\"font-size: 18pt\"><em><span style=\"color: #997f00\">Our hotels in France<\/span><\/em><\/span><\/p><\/h2><\/div><div class=\"fusion-clearfix\"><\/div><\/div><\/div><\/div><\/div><div class=\"fusion-fullwidth fullwidth-box fusion-builder-row-3 nonhundred-percent-fullwidth non-hundred-percent-height-scrolling gradient-container-3\" style=\"--awb-border-radius-top-left:0px;--awb-border-radius-top-right:0px;--awb-border-radius-bottom-right:0px;--awb-border-radius-bottom-left:0px;--awb-flex-wrap:wrap;\" ><div class=\"fusion-builder-row fusion-row\"><div class=\"fusion-layout-column fusion_builder_column fusion-builder-column-3 fusion_builder_column_1_1 1_1 fusion-one-full fusion-column-first fusion-column-last\" style=\"--awb-bg-blend:overlay;--awb-bg-size:cover;\"><div class=\"fusion-column-wrapper fusion-flex-column-wrapper-legacy\"><div class=\"fusion-tabs fusion-tabs-1 classic nav-is-justified horizontal-tabs icon-position-left mobile-mode-accordion\" style=\"--awb-title-border-radius-top-left:0px;--awb-title-border-radius-top-right:0px;--awb-title-border-radius-bottom-right:0px;--awb-title-border-radius-bottom-left:0px;--awb-alignment:start;--awb-inactive-color:#ebeaea;--awb-background-color:#ffffff;--awb-border-color:#ebeaea;--awb-active-border-color:#997f00;\"><div class=\"nav\"><ul class=\"nav-tabs nav-justified\" role=\"tablist\"><li class=\"active\" role=\"presentation\"><a class=\"tab-link\" data-toggle=\"tab\" role=\"tab\" aria-controls=\"tab-eeeb52d0468b7d04a01\" aria-selected=\"true\" id=\"fusion-tab-ch\u00e2teaud\u2019isenbourg\" href=\"#tab-eeeb52d0468b7d04a01\"><h4 class=\"fusion-tab-heading\"><i class=\"fontawesome-icon fa-angle-right fas\" aria-hidden=\"true\" style=\"font-size:13px;\"><\/i>Ch\u00e2teau d\u2019Isenbourg<\/h4><\/a><\/li><li role=\"presentation\"><a class=\"tab-link\" data-toggle=\"tab\" role=\"tab\" aria-controls=\"tab-da2db328d2d40bb1875\" aria-selected=\"false\" tabindex=\"-1\" id=\"fusion-tab-ch\u00e2teaudegilly\" href=\"#tab-da2db328d2d40bb1875\"><h4 class=\"fusion-tab-heading\"><i class=\"fontawesome-icon fa-angle-right fas\" aria-hidden=\"true\" style=\"font-size:13px;\"><\/i>Ch\u00e2teau de Gilly<\/h4><\/a><\/li><\/ul><\/div><div class=\"tab-content\"><div class=\"nav fusion-mobile-tab-nav\"><ul class=\"nav-tabs nav-justified\" role=\"tablist\"><li class=\"active\" role=\"presentation\"><a class=\"tab-link\" data-toggle=\"tab\" role=\"tab\" aria-controls=\"tab-eeeb52d0468b7d04a01\" aria-selected=\"true\" id=\"mobile-fusion-tab-ch\u00e2teaud\u2019isenbourg\" href=\"#tab-eeeb52d0468b7d04a01\"><h4 class=\"fusion-tab-heading\"><i class=\"fontawesome-icon fa-angle-right fas\" aria-hidden=\"true\" style=\"font-size:13px;\"><\/i>Ch\u00e2teau d\u2019Isenbourg<\/h4><\/a><\/li><\/ul><\/div><div class=\"tab-pane fade fusion-clearfix in active\" role=\"tabpanel\" tabindex=\"0\" aria-labelledby=\"fusion-tab-ch\u00e2teaud\u2019isenbourg\" id=\"tab-eeeb52d0468b7d04a01\"> <img decoding=\"async\" class=\"alignnone wp-image-17293\" src=\"https:\/\/www.grandesetapes.com\/wp-content\/uploads\/2000x\/Isenbourg\/ise_exterieure_entete_2000x500.jpg\" alt=\"\" width=\"1088\" height=\"272\" srcset=\"https:\/\/www.grandesetapes.com\/wp-content\/uploads\/2000x\/Isenbourg\/ise_exterieure_entete_2000x500-200x50.jpg 200w, https:\/\/www.grandesetapes.com\/wp-content\/uploads\/2000x\/Isenbourg\/ise_exterieure_entete_2000x500-400x100.jpg 400w, https:\/\/www.grandesetapes.com\/wp-content\/uploads\/2000x\/Isenbourg\/ise_exterieure_entete_2000x500-600x150.jpg 600w, https:\/\/www.grandesetapes.com\/wp-content\/uploads\/2000x\/Isenbourg\/ise_exterieure_entete_2000x500-768x192.jpg 768w, https:\/\/www.grandesetapes.com\/wp-content\/uploads\/2000x\/Isenbourg\/ise_exterieure_entete_2000x500-800x200.jpg 800w, https:\/\/www.grandesetapes.com\/wp-content\/uploads\/2000x\/Isenbourg\/ise_exterieure_entete_2000x500-1200x300.jpg 1200w, https:\/\/www.grandesetapes.com\/wp-content\/uploads\/2000x\/Isenbourg\/ise_exterieure_entete_2000x500.jpg 2000w\" sizes=\"(max-width: 1088px) 100vw, 1088px\" \/> <img decoding=\"async\" class=\"size-full wp-image-11872 alignleft\" src=\"https:\/\/www.grandesetapes.com\/wp-content\/uploads\/Creations\/ise_carte_france_2018-19.png\" alt=\"\" width=\"258\" height=\"257\" \/> <span style=\"font-size: 14pt\">Ch\u00e2teau d\u2019Isenbourg &#8211; 9-11 rue de Pfaffenheim 68250 Rouffach &#8211; T\u00e9l : 03 89 78 58 50<\/span> <strong><span style=\"color: #997f00\">Restauration<\/span><\/strong> Different menus available for groups of 10 or more people &#8211; Stop lunch starting at : 29\u20ac (2 courses menu beverages not included) &#8211; Other menus starting at : 34\u20ac (3 courses menu, beverages not included) On fine days, our terrace overlooking the Vosges foothills or our peaceful park are two possibilities to enjoy a drink or a cocktail outdoor <strong><span style=\"color: #997f00\">Rooms<\/span><\/strong> 41 spacious and quiet rooms,all with A\/C Different configurations are possible, depending on yourneeds: single, double or twin, triple rooms\u2026 <span style=\"color: #997f00\"><strong>Points of interest<\/strong><\/span> &#8211; Colmar : 15 minutes drive &#8211; Wine route : starting at the foot of the hotel. Visits and wine tasting all a longthe Alsacian wine route. D &#8211; Ch\u00e2teau du Haut Koenigsbourg (45min drive) <a href=\"https:\/\/www.grandesetapes.com\/chateau-hotel-isenbourg-alsace\/en\/contact\/\"><span style=\"color: #997f00\"><strong>Contact Ch\u00e2teau d&#8217;Isenbourg &#8211; sales team<\/strong><\/span><\/a> <a href=\"https:\/\/www.grandesetapes.com\/download\/135\/en\/17726\/group-information-chateau-disenbourg-2.pdf\" target=\"_blank\" rel=\"noopener\"><span style=\"font-size: 14pt;color: #997f00\"><strong>&gt; Detailed fact sheet<\/strong><\/span><\/a> <\/div><div class=\"nav fusion-mobile-tab-nav\"><ul class=\"nav-tabs nav-justified\" role=\"tablist\"><li role=\"presentation\"><a class=\"tab-link\" data-toggle=\"tab\" role=\"tab\" aria-controls=\"tab-da2db328d2d40bb1875\" aria-selected=\"false\" tabindex=\"-1\" id=\"mobile-fusion-tab-ch\u00e2teaudegilly\" href=\"#tab-da2db328d2d40bb1875\"><h4 class=\"fusion-tab-heading\"><i class=\"fontawesome-icon fa-angle-right fas\" aria-hidden=\"true\" style=\"font-size:13px;\"><\/i>Ch\u00e2teau de Gilly<\/h4><\/a><\/li><\/ul><\/div><div class=\"tab-pane fade fusion-clearfix\" role=\"tabpanel\" tabindex=\"0\" aria-labelledby=\"fusion-tab-ch\u00e2teaudegilly\" id=\"tab-da2db328d2d40bb1875\"> <img decoding=\"async\" class=\"alignnone wp-image-17303\" src=\"https:\/\/www.grandesetapes.com\/wp-content\/uploads\/2000x\/Gilly\/gil_exterieure_entete_2000x500.jpg\" alt=\"\" width=\"1092\" height=\"273\" srcset=\"https:\/\/www.grandesetapes.com\/wp-content\/uploads\/2000x\/Gilly\/gil_exterieure_entete_2000x500-200x50.jpg 200w, https:\/\/www.grandesetapes.com\/wp-content\/uploads\/2000x\/Gilly\/gil_exterieure_entete_2000x500-400x100.jpg 400w, https:\/\/www.grandesetapes.com\/wp-content\/uploads\/2000x\/Gilly\/gil_exterieure_entete_2000x500-600x150.jpg 600w, https:\/\/www.grandesetapes.com\/wp-content\/uploads\/2000x\/Gilly\/gil_exterieure_entete_2000x500-768x192.jpg 768w, https:\/\/www.grandesetapes.com\/wp-content\/uploads\/2000x\/Gilly\/gil_exterieure_entete_2000x500-800x200.jpg 800w, https:\/\/www.grandesetapes.com\/wp-content\/uploads\/2000x\/Gilly\/gil_exterieure_entete_2000x500-1200x300.jpg 1200w, https:\/\/www.grandesetapes.com\/wp-content\/uploads\/2000x\/Gilly\/gil_exterieure_entete_2000x500.jpg 2000w\" sizes=\"(max-width: 1092px) 100vw, 1092px\" \/> <img decoding=\"async\" class=\"size-full wp-image-11872 alignleft\" src=\"https:\/\/www.grandesetapes.com\/wp-content\/uploads\/Creations\/gil_carte_france_2018-19.png\" alt=\"\" width=\"258\" height=\"257\" \/> <span style=\"font-size: 14pt\">Ch\u00e2teau de Gilly &#8211; Place du Ch\u00e2teau 21640 Gilly-les-Citeaux &#8211; T\u00e9l : 03 80 62 89 98<\/span> <span style=\"color: #997f00\"><strong>Restauration<\/strong><\/span> Different menus available for groups of 10 or more people &#8211; Stop lunch starting at : 32\u20ac (3 courses menu beverages included) &#8211; Other menus starting at : 45\u20ac (3 courses menu, beverages not included) On fine days, our terrace facing the French gardens is the best spot to enjoy a drink or a cocktail outdoor <span style=\"color: #997f00\"><strong>Rooms<\/strong><\/span> 48 spacious and quiet rooms with different configurations depending on your needs: single, double or twin, triple rooms\u2026 <span style=\"color: #997f00\"><strong>Points of interest<\/strong><\/span> &#8211; Ch\u00e2teau du Clos de Vougeot : 5 minutes drive &#8211; Les Hospices de Beaune : 30 minutes drive &#8211; Local vineyards and world famous wine cellars. <span style=\"color: #997f00\"><a style=\"color: #997f00\" href=\"https:\/\/www.grandesetapes.com\/chateau-hotel-gilly-bourgogne\/en\/contact\/\"><strong>Contact Ch\u00e2teau de Gilly -sales team<\/strong><\/a><\/span> <a href=\"https:\/\/www.grandesetapes.com\/download\/135\/en\/17727\/group-information-chateau-de-gilly.pdf\" target=\"_blank\" rel=\"noopener\"><span style=\"color: #997f00\"><strong><span style=\"font-size: 14pt\">&gt; Detailed fact sheet <\/span><\/strong><\/span><\/a> <\/div><\/div><\/div><div class=\"fusion-text fusion-text-3\"><p style=\"text-align: justify\">If you have not chosen the hotel yet, the head office sales team will help you select the most appropriate hotel.<\/p>\n<p><span style=\"color: #997f00\"><strong><a style=\"color: #997f00\" href=\"https:\/\/www.grandesetapes.com\/en\/contact-us\/\"><u>Contact the sales team to receive information or brochures<\/u><\/a><\/strong><\/span> <\/p>\n<\/div><div class=\"fusion-clearfix\"><\/div><\/div><\/div><\/div><\/div><\/p>\n","protected":false},"excerpt":{"rendered":"","protected":false},"author":1,"featured_media":0,"parent":0,"menu_order":0,"comment_status":"closed","ping_status":"closed","template":"","meta":{"footnotes":""},"class_list":["post-17778","page","type-page","status-publish","hentry"],"yoast_head":"<!-- This site is optimized with the Yoast SEO Premium plugin v22.1 (Yoast SEO v27.1.1) - https:\/\/yoast.com\/product\/yoast-seo-premium-wordpress\/ -->\n<title>Agences de voyages \/ r\u00e9servation de groupes -Chateaux-hotels<\/title>\n<meta name=\"description\" content=\"Acc\u00e8s pour les professionnels du voyages : agences, Tour Op\u00e9rateurs. R\u00e9servation des chateaux-hotels des Grandes Etapes Fran\u00e7aises. R\u00e9servation de groupes\" \/>\n<meta name=\"robots\" content=\"index, follow, max-snippet:-1, max-image-preview:large, max-video-preview:-1\" \/>\n<link rel=\"canonical\" href=\"https:\/\/www.grandesetapes.com\/de\/reisebueros\/\" \/>\n<meta property=\"og:locale\" content=\"de_DE\" \/>\n<meta property=\"og:type\" content=\"article\" \/>\n<meta property=\"og:title\" content=\"Reiseb\u00fcros\" \/>\n<meta property=\"og:description\" content=\"Acc\u00e8s pour les professionnels du voyages : agences, Tour Op\u00e9rateurs. R\u00e9servation des chateaux-hotels des Grandes Etapes Fran\u00e7aises. R\u00e9servation de groupes\" \/>\n<meta property=\"og:url\" content=\"https:\/\/www.grandesetapes.com\/de\/reisebueros\/\" \/>\n<meta property=\"og:site_name\" content=\"Chateaux h\u00f4tels Grandes \u00c9tapes Fran\u00e7aises\" \/>\n<meta property=\"article:publisher\" content=\"https:\/\/www.facebook.com\/chateauxhotels\/\" \/>\n<meta property=\"article:modified_time\" content=\"2023-05-25T13:43:44+00:00\" \/>\n<meta property=\"og:image\" content=\"https:\/\/www.grandesetapes.com\/wp-content\/uploads\/2000x\/Isenbourg\/ise_exterieure_entete_2000x500.jpg\" \/>\n<meta name=\"twitter:card\" content=\"summary_large_image\" \/>\n<meta name=\"twitter:label1\" content=\"Gesch\u00e4tzte Lesezeit\" \/>\n\t<meta name=\"twitter:data1\" content=\"6\u00a0Minuten\" \/>\n<script type=\"application\/ld+json\" class=\"yoast-schema-graph\">{\"@context\":\"https:\/\/schema.org\",\"@graph\":[{\"@type\":\"WebPage\",\"@id\":\"https:\/\/www.grandesetapes.com\/de\/reisebueros\/\",\"url\":\"https:\/\/www.grandesetapes.com\/de\/reisebueros\/\",\"name\":\"Agences de voyages \/ r\u00e9servation de groupes -Chateaux-hotels\",\"isPartOf\":{\"@id\":\"https:\/\/www.grandesetapes.com\/de\/#website\"},\"primaryImageOfPage\":{\"@id\":\"https:\/\/www.grandesetapes.com\/de\/reisebueros\/#primaryimage\"},\"image\":{\"@id\":\"https:\/\/www.grandesetapes.com\/de\/reisebueros\/#primaryimage\"},\"thumbnailUrl\":\"https:\/\/www.grandesetapes.com\/wp-content\/uploads\/2000x\/Isenbourg\/ise_exterieure_entete_2000x500.jpg\",\"datePublished\":\"2019-01-30T11:05:10+00:00\",\"dateModified\":\"2023-05-25T13:43:44+00:00\",\"description\":\"Acc\u00e8s pour les professionnels du voyages : agences, Tour Op\u00e9rateurs. R\u00e9servation des chateaux-hotels des Grandes Etapes Fran\u00e7aises. R\u00e9servation de groupes\",\"breadcrumb\":{\"@id\":\"https:\/\/www.grandesetapes.com\/de\/reisebueros\/#breadcrumb\"},\"inLanguage\":\"de\",\"potentialAction\":[{\"@type\":\"ReadAction\",\"target\":[\"https:\/\/www.grandesetapes.com\/de\/reisebueros\/\"]}]},{\"@type\":\"ImageObject\",\"inLanguage\":\"de\",\"@id\":\"https:\/\/www.grandesetapes.com\/de\/reisebueros\/#primaryimage\",\"url\":\"https:\/\/www.grandesetapes.com\/wp-content\/uploads\/2000x\/Isenbourg\/ise_exterieure_entete_2000x500.jpg\",\"contentUrl\":\"https:\/\/www.grandesetapes.com\/wp-content\/uploads\/2000x\/Isenbourg\/ise_exterieure_entete_2000x500.jpg\"},{\"@type\":\"BreadcrumbList\",\"@id\":\"https:\/\/www.grandesetapes.com\/de\/reisebueros\/#breadcrumb\",\"itemListElement\":[{\"@type\":\"ListItem\",\"position\":1,\"name\":\"Accueil\",\"item\":\"https:\/\/www.grandesetapes.com\/de\/\"},{\"@type\":\"ListItem\",\"position\":2,\"name\":\"Reiseb\u00fcros\"}]},{\"@type\":\"WebSite\",\"@id\":\"https:\/\/www.grandesetapes.com\/de\/#website\",\"url\":\"https:\/\/www.grandesetapes.com\/de\/\",\"name\":\"Chateaux h\u00f4tels Grandes \u00c9tapes Fran\u00e7aises\",\"description\":\"\",\"publisher\":{\"@id\":\"https:\/\/www.grandesetapes.com\/de\/#organization\"},\"potentialAction\":[{\"@type\":\"SearchAction\",\"target\":{\"@type\":\"EntryPoint\",\"urlTemplate\":\"https:\/\/www.grandesetapes.com\/de\/?s={search_term_string}\"},\"query-input\":{\"@type\":\"PropertyValueSpecification\",\"valueRequired\":true,\"valueName\":\"search_term_string\"}}],\"inLanguage\":\"de\"},{\"@type\":\"Organization\",\"@id\":\"https:\/\/www.grandesetapes.com\/de\/#organization\",\"name\":\"Grandes Etapes Fran\u00e7aises\",\"url\":\"https:\/\/www.grandesetapes.com\/de\/\",\"logo\":{\"@type\":\"ImageObject\",\"inLanguage\":\"de\",\"@id\":\"https:\/\/www.grandesetapes.com\/de\/#\/schema\/logo\/image\/\",\"url\":\"https:\/\/www.grandesetapes.com\/wp-content\/uploads\/Logos\/LOGO_GEF_2017_300.png\",\"contentUrl\":\"https:\/\/www.grandesetapes.com\/wp-content\/uploads\/Logos\/LOGO_GEF_2017_300.png\",\"width\":300,\"height\":150,\"caption\":\"Grandes Etapes Fran\u00e7aises\"},\"image\":{\"@id\":\"https:\/\/www.grandesetapes.com\/de\/#\/schema\/logo\/image\/\"},\"sameAs\":[\"https:\/\/www.facebook.com\/chateauxhotels\/\",\"https:\/\/www.instagram.com\/grandesetapesfrancaises\/\",\"https:\/\/www.linkedin.com\/company\/grandes-etapes-fran\u00e7aises\/\",\"https:\/\/www.youtube.com\/channel\/UCTN5vEXibunCwDsWR30tiGg\"]}]}<\/script>\n<!-- \/ Yoast SEO Premium plugin. -->","yoast_head_json":{"title":"Agences de voyages \/ r\u00e9servation de groupes -Chateaux-hotels","description":"Acc\u00e8s pour les professionnels du voyages : agences, Tour Op\u00e9rateurs. R\u00e9servation des chateaux-hotels des Grandes Etapes Fran\u00e7aises. R\u00e9servation de groupes","robots":{"index":"index","follow":"follow","max-snippet":"max-snippet:-1","max-image-preview":"max-image-preview:large","max-video-preview":"max-video-preview:-1"},"canonical":"https:\/\/www.grandesetapes.com\/de\/reisebueros\/","og_locale":"de_DE","og_type":"article","og_title":"Reiseb\u00fcros","og_description":"Acc\u00e8s pour les professionnels du voyages : agences, Tour Op\u00e9rateurs. R\u00e9servation des chateaux-hotels des Grandes Etapes Fran\u00e7aises. R\u00e9servation de groupes","og_url":"https:\/\/www.grandesetapes.com\/de\/reisebueros\/","og_site_name":"Chateaux h\u00f4tels Grandes \u00c9tapes Fran\u00e7aises","article_publisher":"https:\/\/www.facebook.com\/chateauxhotels\/","article_modified_time":"2023-05-25T13:43:44+00:00","og_image":[{"url":"https:\/\/www.grandesetapes.com\/wp-content\/uploads\/2000x\/Isenbourg\/ise_exterieure_entete_2000x500.jpg","type":"","width":"","height":""}],"twitter_card":"summary_large_image","twitter_misc":{"Gesch\u00e4tzte Lesezeit":"6\u00a0Minuten"},"schema":{"@context":"https:\/\/schema.org","@graph":[{"@type":"WebPage","@id":"https:\/\/www.grandesetapes.com\/de\/reisebueros\/","url":"https:\/\/www.grandesetapes.com\/de\/reisebueros\/","name":"Agences de voyages \/ r\u00e9servation de groupes -Chateaux-hotels","isPartOf":{"@id":"https:\/\/www.grandesetapes.com\/de\/#website"},"primaryImageOfPage":{"@id":"https:\/\/www.grandesetapes.com\/de\/reisebueros\/#primaryimage"},"image":{"@id":"https:\/\/www.grandesetapes.com\/de\/reisebueros\/#primaryimage"},"thumbnailUrl":"https:\/\/www.grandesetapes.com\/wp-content\/uploads\/2000x\/Isenbourg\/ise_exterieure_entete_2000x500.jpg","datePublished":"2019-01-30T11:05:10+00:00","dateModified":"2023-05-25T13:43:44+00:00","description":"Acc\u00e8s pour les professionnels du voyages : agences, Tour Op\u00e9rateurs. R\u00e9servation des chateaux-hotels des Grandes Etapes Fran\u00e7aises. R\u00e9servation de groupes","breadcrumb":{"@id":"https:\/\/www.grandesetapes.com\/de\/reisebueros\/#breadcrumb"},"inLanguage":"de","potentialAction":[{"@type":"ReadAction","target":["https:\/\/www.grandesetapes.com\/de\/reisebueros\/"]}]},{"@type":"ImageObject","inLanguage":"de","@id":"https:\/\/www.grandesetapes.com\/de\/reisebueros\/#primaryimage","url":"https:\/\/www.grandesetapes.com\/wp-content\/uploads\/2000x\/Isenbourg\/ise_exterieure_entete_2000x500.jpg","contentUrl":"https:\/\/www.grandesetapes.com\/wp-content\/uploads\/2000x\/Isenbourg\/ise_exterieure_entete_2000x500.jpg"},{"@type":"BreadcrumbList","@id":"https:\/\/www.grandesetapes.com\/de\/reisebueros\/#breadcrumb","itemListElement":[{"@type":"ListItem","position":1,"name":"Accueil","item":"https:\/\/www.grandesetapes.com\/de\/"},{"@type":"ListItem","position":2,"name":"Reiseb\u00fcros"}]},{"@type":"WebSite","@id":"https:\/\/www.grandesetapes.com\/de\/#website","url":"https:\/\/www.grandesetapes.com\/de\/","name":"Chateaux h\u00f4tels Grandes \u00c9tapes Fran\u00e7aises","description":"","publisher":{"@id":"https:\/\/www.grandesetapes.com\/de\/#organization"},"potentialAction":[{"@type":"SearchAction","target":{"@type":"EntryPoint","urlTemplate":"https:\/\/www.grandesetapes.com\/de\/?s={search_term_string}"},"query-input":{"@type":"PropertyValueSpecification","valueRequired":true,"valueName":"search_term_string"}}],"inLanguage":"de"},{"@type":"Organization","@id":"https:\/\/www.grandesetapes.com\/de\/#organization","name":"Grandes Etapes Fran\u00e7aises","url":"https:\/\/www.grandesetapes.com\/de\/","logo":{"@type":"ImageObject","inLanguage":"de","@id":"https:\/\/www.grandesetapes.com\/de\/#\/schema\/logo\/image\/","url":"https:\/\/www.grandesetapes.com\/wp-content\/uploads\/Logos\/LOGO_GEF_2017_300.png","contentUrl":"https:\/\/www.grandesetapes.com\/wp-content\/uploads\/Logos\/LOGO_GEF_2017_300.png","width":300,"height":150,"caption":"Grandes Etapes Fran\u00e7aises"},"image":{"@id":"https:\/\/www.grandesetapes.com\/de\/#\/schema\/logo\/image\/"},"sameAs":["https:\/\/www.facebook.com\/chateauxhotels\/","https:\/\/www.instagram.com\/grandesetapesfrancaises\/","https:\/\/www.linkedin.com\/company\/grandes-etapes-fran\u00e7aises\/","https:\/\/www.youtube.com\/channel\/UCTN5vEXibunCwDsWR30tiGg"]}]}},"_links":{"self":[{"href":"https:\/\/www.grandesetapes.com\/de\/wp-json\/wp\/v2\/pages\/17778","targetHints":{"allow":["GET"]}}],"collection":[{"href":"https:\/\/www.grandesetapes.com\/de\/wp-json\/wp\/v2\/pages"}],"about":[{"href":"https:\/\/www.grandesetapes.com\/de\/wp-json\/wp\/v2\/types\/page"}],"author":[{"embeddable":true,"href":"https:\/\/www.grandesetapes.com\/de\/wp-json\/wp\/v2\/users\/1"}],"replies":[{"embeddable":true,"href":"https:\/\/www.grandesetapes.com\/de\/wp-json\/wp\/v2\/comments?post=17778"}],"version-history":[{"count":8,"href":"https:\/\/www.grandesetapes.com\/de\/wp-json\/wp\/v2\/pages\/17778\/revisions"}],"predecessor-version":[{"id":42423,"href":"https:\/\/www.grandesetapes.com\/de\/wp-json\/wp\/v2\/pages\/17778\/revisions\/42423"}],"wp:attachment":[{"href":"https:\/\/www.grandesetapes.com\/de\/wp-json\/wp\/v2\/media?parent=17778"}],"curies":[{"name":"wp","href":"https:\/\/api.w.org\/{rel}","templated":true}]}}