{"id":17753,"date":"2019-01-30T11:19:14","date_gmt":"2019-01-30T10:19:14","guid":{"rendered":"https:\/\/www.grandes-etapes.fr\/?page_id=17753"},"modified":"2020-09-25T10:11:49","modified_gmt":"2020-09-25T08:11:49","slug":"newsletter-abonnieren","status":"publish","type":"page","link":"https:\/\/www.grandesetapes.com\/de\/newsletter-abonnieren\/","title":{"rendered":"Newsletter abonnieren"},"content":{"rendered":"<p><script data-xp-widget-newsletter-61 src=\"https:\/\/widgets.experience-hotel.com\/front\/widget\/widget-newsletter\/bootstrap.js?widget_id=61\"><\/script><\/p>\n","protected":false},"excerpt":{"rendered":"","protected":false},"author":1,"featured_media":0,"parent":0,"menu_order":0,"comment_status":"closed","ping_status":"closed","template":"","meta":{"footnotes":""},"class_list":["post-17753","page","type-page","status-publish","hentry"],"yoast_head":"<!-- This site is optimized with the Yoast SEO Premium plugin v22.1 (Yoast SEO v27.1.1) - https:\/\/yoast.com\/product\/yoast-seo-premium-wordpress\/ -->\n<title>Newsletter abonnieren -<\/title>\n<meta name=\"robots\" content=\"index, follow, max-snippet:-1, max-image-preview:large, max-video-preview:-1\" \/>\n<link rel=\"canonical\" href=\"https:\/\/www.grandesetapes.com\/de\/newsletter-abonnieren\/\" \/>\n<meta property=\"og:locale\" content=\"de_DE\" \/>\n<meta property=\"og:type\" content=\"article\" \/>\n<meta property=\"og:title\" content=\"Newsletter abonnieren\" \/>\n<meta property=\"og:url\" content=\"https:\/\/www.grandesetapes.com\/de\/newsletter-abonnieren\/\" \/>\n<meta property=\"og:site_name\" content=\"Chateaux h\u00f4tels Grandes \u00c9tapes Fran\u00e7aises\" \/>\n<meta property=\"article:publisher\" content=\"https:\/\/www.facebook.com\/chateauxhotels\/\" \/>\n<meta property=\"article:modified_time\" content=\"2020-09-25T08:11:49+00:00\" \/>\n<meta name=\"twitter:card\" content=\"summary_large_image\" \/>\n<script type=\"application\/ld+json\" class=\"yoast-schema-graph\">{\"@context\":\"https:\/\/schema.org\",\"@graph\":[{\"@type\":\"WebPage\",\"@id\":\"https:\/\/www.grandesetapes.com\/de\/newsletter-abonnieren\/\",\"url\":\"https:\/\/www.grandesetapes.com\/de\/newsletter-abonnieren\/\",\"name\":\"Newsletter abonnieren -\",\"isPartOf\":{\"@id\":\"https:\/\/www.grandesetapes.com\/de\/#website\"},\"datePublished\":\"2019-01-30T10:19:14+00:00\",\"dateModified\":\"2020-09-25T08:11:49+00:00\",\"breadcrumb\":{\"@id\":\"https:\/\/www.grandesetapes.com\/de\/newsletter-abonnieren\/#breadcrumb\"},\"inLanguage\":\"de\",\"potentialAction\":[{\"@type\":\"ReadAction\",\"target\":[\"https:\/\/www.grandesetapes.com\/de\/newsletter-abonnieren\/\"]}]},{\"@type\":\"BreadcrumbList\",\"@id\":\"https:\/\/www.grandesetapes.com\/de\/newsletter-abonnieren\/#breadcrumb\",\"itemListElement\":[{\"@type\":\"ListItem\",\"position\":1,\"name\":\"Accueil\",\"item\":\"https:\/\/www.grandesetapes.com\/de\/\"},{\"@type\":\"ListItem\",\"position\":2,\"name\":\"Newsletter abonnieren\"}]},{\"@type\":\"WebSite\",\"@id\":\"https:\/\/www.grandesetapes.com\/de\/#website\",\"url\":\"https:\/\/www.grandesetapes.com\/de\/\",\"name\":\"Chateaux h\u00f4tels Grandes \u00c9tapes Fran\u00e7aises\",\"description\":\"\",\"publisher\":{\"@id\":\"https:\/\/www.grandesetapes.com\/de\/#organization\"},\"potentialAction\":[{\"@type\":\"SearchAction\",\"target\":{\"@type\":\"EntryPoint\",\"urlTemplate\":\"https:\/\/www.grandesetapes.com\/de\/?s={search_term_string}\"},\"query-input\":{\"@type\":\"PropertyValueSpecification\",\"valueRequired\":true,\"valueName\":\"search_term_string\"}}],\"inLanguage\":\"de\"},{\"@type\":\"Organization\",\"@id\":\"https:\/\/www.grandesetapes.com\/de\/#organization\",\"name\":\"Grandes Etapes Fran\u00e7aises\",\"url\":\"https:\/\/www.grandesetapes.com\/de\/\",\"logo\":{\"@type\":\"ImageObject\",\"inLanguage\":\"de\",\"@id\":\"https:\/\/www.grandesetapes.com\/de\/#\/schema\/logo\/image\/\",\"url\":\"https:\/\/www.grandesetapes.com\/wp-content\/uploads\/Logos\/LOGO_GEF_2017_300.png\",\"contentUrl\":\"https:\/\/www.grandesetapes.com\/wp-content\/uploads\/Logos\/LOGO_GEF_2017_300.png\",\"width\":300,\"height\":150,\"caption\":\"Grandes Etapes Fran\u00e7aises\"},\"image\":{\"@id\":\"https:\/\/www.grandesetapes.com\/de\/#\/schema\/logo\/image\/\"},\"sameAs\":[\"https:\/\/www.facebook.com\/chateauxhotels\/\",\"https:\/\/www.instagram.com\/grandesetapesfrancaises\/\",\"https:\/\/www.linkedin.com\/company\/grandes-etapes-fran\u00e7aises\/\",\"https:\/\/www.youtube.com\/channel\/UCTN5vEXibunCwDsWR30tiGg\"]}]}<\/script>\n<!-- \/ Yoast SEO Premium plugin. -->","yoast_head_json":{"title":"Newsletter abonnieren -","robots":{"index":"index","follow":"follow","max-snippet":"max-snippet:-1","max-image-preview":"max-image-preview:large","max-video-preview":"max-video-preview:-1"},"canonical":"https:\/\/www.grandesetapes.com\/de\/newsletter-abonnieren\/","og_locale":"de_DE","og_type":"article","og_title":"Newsletter abonnieren","og_url":"https:\/\/www.grandesetapes.com\/de\/newsletter-abonnieren\/","og_site_name":"Chateaux h\u00f4tels Grandes \u00c9tapes Fran\u00e7aises","article_publisher":"https:\/\/www.facebook.com\/chateauxhotels\/","article_modified_time":"2020-09-25T08:11:49+00:00","twitter_card":"summary_large_image","schema":{"@context":"https:\/\/schema.org","@graph":[{"@type":"WebPage","@id":"https:\/\/www.grandesetapes.com\/de\/newsletter-abonnieren\/","url":"https:\/\/www.grandesetapes.com\/de\/newsletter-abonnieren\/","name":"Newsletter abonnieren -","isPartOf":{"@id":"https:\/\/www.grandesetapes.com\/de\/#website"},"datePublished":"2019-01-30T10:19:14+00:00","dateModified":"2020-09-25T08:11:49+00:00","breadcrumb":{"@id":"https:\/\/www.grandesetapes.com\/de\/newsletter-abonnieren\/#breadcrumb"},"inLanguage":"de","potentialAction":[{"@type":"ReadAction","target":["https:\/\/www.grandesetapes.com\/de\/newsletter-abonnieren\/"]}]},{"@type":"BreadcrumbList","@id":"https:\/\/www.grandesetapes.com\/de\/newsletter-abonnieren\/#breadcrumb","itemListElement":[{"@type":"ListItem","position":1,"name":"Accueil","item":"https:\/\/www.grandesetapes.com\/de\/"},{"@type":"ListItem","position":2,"name":"Newsletter abonnieren"}]},{"@type":"WebSite","@id":"https:\/\/www.grandesetapes.com\/de\/#website","url":"https:\/\/www.grandesetapes.com\/de\/","name":"Chateaux h\u00f4tels Grandes \u00c9tapes Fran\u00e7aises","description":"","publisher":{"@id":"https:\/\/www.grandesetapes.com\/de\/#organization"},"potentialAction":[{"@type":"SearchAction","target":{"@type":"EntryPoint","urlTemplate":"https:\/\/www.grandesetapes.com\/de\/?s={search_term_string}"},"query-input":{"@type":"PropertyValueSpecification","valueRequired":true,"valueName":"search_term_string"}}],"inLanguage":"de"},{"@type":"Organization","@id":"https:\/\/www.grandesetapes.com\/de\/#organization","name":"Grandes Etapes Fran\u00e7aises","url":"https:\/\/www.grandesetapes.com\/de\/","logo":{"@type":"ImageObject","inLanguage":"de","@id":"https:\/\/www.grandesetapes.com\/de\/#\/schema\/logo\/image\/","url":"https:\/\/www.grandesetapes.com\/wp-content\/uploads\/Logos\/LOGO_GEF_2017_300.png","contentUrl":"https:\/\/www.grandesetapes.com\/wp-content\/uploads\/Logos\/LOGO_GEF_2017_300.png","width":300,"height":150,"caption":"Grandes Etapes Fran\u00e7aises"},"image":{"@id":"https:\/\/www.grandesetapes.com\/de\/#\/schema\/logo\/image\/"},"sameAs":["https:\/\/www.facebook.com\/chateauxhotels\/","https:\/\/www.instagram.com\/grandesetapesfrancaises\/","https:\/\/www.linkedin.com\/company\/grandes-etapes-fran\u00e7aises\/","https:\/\/www.youtube.com\/channel\/UCTN5vEXibunCwDsWR30tiGg"]}]}},"_links":{"self":[{"href":"https:\/\/www.grandesetapes.com\/de\/wp-json\/wp\/v2\/pages\/17753","targetHints":{"allow":["GET"]}}],"collection":[{"href":"https:\/\/www.grandesetapes.com\/de\/wp-json\/wp\/v2\/pages"}],"about":[{"href":"https:\/\/www.grandesetapes.com\/de\/wp-json\/wp\/v2\/types\/page"}],"author":[{"embeddable":true,"href":"https:\/\/www.grandesetapes.com\/de\/wp-json\/wp\/v2\/users\/1"}],"replies":[{"embeddable":true,"href":"https:\/\/www.grandesetapes.com\/de\/wp-json\/wp\/v2\/comments?post=17753"}],"version-history":[{"count":2,"href":"https:\/\/www.grandesetapes.com\/de\/wp-json\/wp\/v2\/pages\/17753\/revisions"}],"predecessor-version":[{"id":39311,"href":"https:\/\/www.grandesetapes.com\/de\/wp-json\/wp\/v2\/pages\/17753\/revisions\/39311"}],"wp:attachment":[{"href":"https:\/\/www.grandesetapes.com\/de\/wp-json\/wp\/v2\/media?parent=17753"}],"curies":[{"name":"wp","href":"https:\/\/api.w.org\/{rel}","templated":true}]}}